{"id":3087,"date":"2017-09-26T15:21:00","date_gmt":"2017-09-26T15:21:00","guid":{"rendered":"https:\/\/www.molteni.com\/caractere-line\/"},"modified":"2026-02-25T13:27:29","modified_gmt":"2026-02-25T13:27:29","slug":"caractere-line","status":"publish","type":"page","link":"https:\/\/www.molteni.com\/fr\/caractere-line\/","title":{"rendered":"LIGNE MOLTENI CARACTE\u0300RE"},"content":{"rendered":"<div class=\"wpb-content-wrapper\"><p>[vc_row][vc_column]<div class=\"eut-element eut-carousel-wrapper\"  style=\" \"><div class=\"eut-slider eut-carousel-element \" data-slider-speed=\"3500\" data-slider-pause=\"no\" data-navigation-type=\"0\" data-slider-autoplay=\"yes\" data-slider-autoheight=\"no\"><div class=\"eut-slider-item\"><figure><div class=\"eut-media\"><img loading=\"lazy\" decoding=\"async\" width=\"1024\" height=\"587\" src=\"https:\/\/www.molteni.com\/wp-content\/uploads\/2021\/03\/molteni-caractere-nera-con-top-acciaio-1024x587.jpg\" class=\"attachment-large size-large\" alt=\"\" srcset=\"https:\/\/www.molteni.com\/wp-content\/uploads\/2021\/03\/molteni-caractere-nera-con-top-acciaio-1024x587.jpg 1024w, https:\/\/www.molteni.com\/wp-content\/uploads\/2021\/03\/molteni-caractere-nera-con-top-acciaio-300x172.jpg 300w, https:\/\/www.molteni.com\/wp-content\/uploads\/2021\/03\/molteni-caractere-nera-con-top-acciaio-768x440.jpg 768w, https:\/\/www.molteni.com\/wp-content\/uploads\/2021\/03\/molteni-caractere-nera-con-top-acciaio-1536x880.jpg 1536w, https:\/\/www.molteni.com\/wp-content\/uploads\/2021\/03\/molteni-caractere-nera-con-top-acciaio-1920x1100.jpg 1920w\" sizes=\"(max-width: 1024px) 100vw, 1024px\" \/><\/div><\/figure><\/div><div class=\"eut-slider-item\"><figure><div class=\"eut-media\"><img loading=\"lazy\" decoding=\"async\" width=\"1024\" height=\"587\" src=\"https:\/\/www.molteni.com\/wp-content\/uploads\/2021\/05\/Hotel_VillaFranca_Update-1950x1118-1-1024x587.jpg\" class=\"attachment-large size-large\" alt=\"\" srcset=\"https:\/\/www.molteni.com\/wp-content\/uploads\/2021\/05\/Hotel_VillaFranca_Update-1950x1118-1-1024x587.jpg 1024w, https:\/\/www.molteni.com\/wp-content\/uploads\/2021\/05\/Hotel_VillaFranca_Update-1950x1118-1-300x172.jpg 300w, https:\/\/www.molteni.com\/wp-content\/uploads\/2021\/05\/Hotel_VillaFranca_Update-1950x1118-1-768x440.jpg 768w, https:\/\/www.molteni.com\/wp-content\/uploads\/2021\/05\/Hotel_VillaFranca_Update-1950x1118-1-1536x880.jpg 1536w, https:\/\/www.molteni.com\/wp-content\/uploads\/2021\/05\/Hotel_VillaFranca_Update-1950x1118-1-1920x1100.jpg 1920w\" sizes=\"(max-width: 1024px) 100vw, 1024px\" \/><\/div><\/figure><\/div><div class=\"eut-slider-item\"><figure><div class=\"eut-media\"><img loading=\"lazy\" decoding=\"async\" width=\"1024\" height=\"602\" src=\"https:\/\/www.molteni.com\/wp-content\/uploads\/2021\/05\/Corso_Venezia-1950x1116-1-1024x602.jpg\" class=\"attachment-large size-large\" alt=\"\" srcset=\"https:\/\/www.molteni.com\/wp-content\/uploads\/2021\/05\/Corso_Venezia-1950x1116-1-1024x602.jpg 1024w, https:\/\/www.molteni.com\/wp-content\/uploads\/2021\/05\/Corso_Venezia-1950x1116-1-300x176.jpg 300w, https:\/\/www.molteni.com\/wp-content\/uploads\/2021\/05\/Corso_Venezia-1950x1116-1-768x451.jpg 768w, https:\/\/www.molteni.com\/wp-content\/uploads\/2021\/05\/Corso_Venezia-1950x1116-1-1536x903.jpg 1536w, https:\/\/www.molteni.com\/wp-content\/uploads\/2021\/05\/Corso_Venezia-1950x1116-1-1920x1128.jpg 1920w\" sizes=\"(max-width: 1024px) 100vw, 1024px\" \/><\/div><\/figure><\/div>\t<\/div><\/div>[\/vc_column][\/vc_row][vc_row middle_content=\u00a0\u00bbyes\u00a0\u00bb][vc_column width=\u00a0\u00bb3\/4&Prime;][vc_custom_heading text=\u00a0\u00bbLIGNE MOLTENI CARACTE\u0300RE\u00a0\u00bb font_container=\u00a0\u00bbtag:h2|text_align:left|color:%23b58d52&Prime; use_theme_fonts=\u00a0\u00bbyes\u00a0\u00bb css=\u00a0\u00bb\u00a0\u00bb][vc_column_text css=\u00a0\u00bb\u00a0\u00bb]<\/p>\n<p class=\"p1\" style=\"text-align: left;\">La l\u00e9gende Molteni continue et ne cesse jamais de faire \u00e9voluer ses cr\u00e9ations. Lorsque le savoir-faire artisanal acquis depuis des g\u00e9n\u00e9rations rencontre les derni\u00e8res innovations techniques, l\u2019h\u00e9ritage devient quasiment immortel. Faites vibrer tous vos sens et laissez votre imagination vous inspirer pour cr\u00e9er la naissance de votre nouveau fourneau Molteni sur-mesure, comme si vous composiez une symphonie de couleurs, de sensations et d\u2019\u00e9motions. Qu\u2019il soit traditionnel ou contemporain, votre Molteni sera toujours unique.<br \/>\n<strong>Bienvenue dans votre r\u00eave<\/strong>.<\/p>\n<p>[\/vc_column_text][\/vc_column][vc_column width=\u00a0\u00bb1\/4&Prime;]<div class=\"eut-element eut-image eut-align-center\" style=\"\"><img loading=\"lazy\" decoding=\"async\" width=\"200\" height=\"88\" src=\"https:\/\/www.molteni.com\/wp-content\/uploads\/2026\/02\/fab_ligne_gauche_rvb-200x88-1.png\" class=\"attachment-medium size-medium\" alt=\"\" \/><\/div>[\/vc_column][\/vc_row][vc_row el_class=\u00a0\u00bbrow-no-margin\u00a0\u00bb][vc_column el_class=\u00a0\u00bbcolumn-link\u00a0\u00bb][vc_raw_html]JTNDYSUyMGhyZWYlM0QlMjBodHRwcyUzQSUyRiUyRnd3dy5tb2x0ZW5pLmNvbSUyRmZyJTJGY2FyYWN0ZXJlLWxpbmUta25vYnMlMkYlMjIlMjBjbGFzcyUzRCUyMmNvbHVtbi1saW5rJTIyJTNFJTNDJTJGYSUzRQ==[\/vc_raw_html][\/vc_column][vc_column width=\u00a0\u00bb1\/2&Prime; el_class=\u00a0\u00bbbox-grey-text\u00a0\u00bb][vc_custom_heading text=\u00a0\u00bbUne aura unique\u00a0\u00bb font_container=\u00a0\u00bbtag:h2|text_align:left|color:%23b58d52&Prime; use_theme_fonts=\u00a0\u00bbyes\u00a0\u00bb][vc_column_text]Design sur-mesure, fabrication artisanale et finitions r\u00e9alis\u00e9es \u00e0 la main.<\/p>\n<p><strong class=\"gold\">En savoir plus<\/strong>[\/vc_column_text][\/vc_column][vc_column width=\u00a0\u00bb1\/2&Prime; el_class=\u00a0\u00bbbox-grey-text\u00a0\u00bb css=\u00a0\u00bb.vc_custom_1506441367759{background-image: url(https:\/\/www.molteni.com\/wp-content\/uploads\/2017\/09\/Senza-titolo-1.jpg?id=2613) !important;background-position: center !important;background-repeat: no-repeat !important;background-size: cover !important;}\u00a0\u00bb][\/vc_column][\/vc_row][vc_row el_class=\u00a0\u00bbrow-no-margin\u00a0\u00bb][vc_column el_class=\u00a0\u00bbcolumn-link\u00a0\u00bb][vc_raw_html]JTNDYSUyMGhyZWYlM0QlMjAlMjJodHRwcyUzQSUyRiUyRnd3dy5tb2x0ZW5pLmNvbSUyRmZyJTJGZW5hbWVsbGVkLWNvbG9ycyUyRiUyMiUyMGNsYXNzJTNEJTIyY29sdW1uLWxpbmslMjIlM0UlM0MlMkZhJTNF[\/vc_raw_html][\/vc_column][vc_column width=\u00a0\u00bb1\/2&Prime; el_class=\u00a0\u00bbbox-grey-text inverti2&Prime; css=\u00a0\u00bb.vc_custom_1507553830232{background-image: url(https:\/\/www.molteni.com\/wp-content\/uploads\/2017\/09\/A_7152-m-.jpg?id=2586) !important;background-position: center !important;background-repeat: no-repeat !important;background-size: cover !important;}\u00a0\u00bb][\/vc_column][vc_column width=\u00a0\u00bb1\/2&Prime; el_class=\u00a0\u00bbbox-grey-text inverti\u00a0\u00bb][vc_custom_heading text=\u00a0\u00bbUn attrait incomparable \u00e0 la vue et au toucher\u00a0\u00bb font_container=\u00a0\u00bbtag:h2|text_align:left|color:%23b58d52&Prime; use_theme_fonts=\u00a0\u00bbyes\u00a0\u00bb][vc_column_text]Les panneaux de finitions \u00e9maill\u00e9s sont la marque de fabrique de Molteni.<\/p>\n<p><strong class=\"gold\">En savoir plus<br \/>\n<\/strong>[\/vc_column_text][\/vc_column][\/vc_row][vc_row desktop_visibility=\u00a0\u00bbhide\u00a0\u00bb tablet_visibility=\u00a0\u00bbhide\u00a0\u00bb tablet_sm_visibility=\u00a0\u00bbhide\u00a0\u00bb mobile_visibility=\u00a0\u00bbhide\u00a0\u00bb el_class=\u00a0\u00bbrow-no-margin\u00a0\u00bb][vc_column el_class=\u00a0\u00bbcolumn-link\u00a0\u00bb][vc_raw_html]JTNDYSUyMGhyZWYlM0QlMjAlMjJodHRwcyUzQSUyRiUyRnd3dy5tb2x0ZW5pLmNvbSUyRmZyJTJGZGVjb3IlMkYlMjIlMjBjbGFzcyUzRCUyMmNvbHVtbi1saW5rJTIyJTNFJTNDJTJGYSUzRQ==[\/vc_raw_html][\/vc_column][vc_column width=\u00a0\u00bb1\/2&Prime; el_class=\u00a0\u00bbbox-grey-text\u00a0\u00bb][vc_custom_heading text=\u00a0\u00bbNouvelles fronti\u00e8res dans les formes\u00a0\u00bb font_container=\u00a0\u00bbtag:h2|text_align:left|color:%23b58d52&Prime; use_theme_fonts=\u00a0\u00bbyes\u00a0\u00bb][vc_column_text]Finition contemporaire Molteni : votre seul et unique style.<\/p>\n<p><strong class=\"gold\">En savoir plus<\/strong>[\/vc_column_text][\/vc_column][vc_column width=\u00a0\u00bb1\/2&Prime; el_class=\u00a0\u00bbbox-grey-text\u00a0\u00bb css=\u00a0\u00bb.vc_custom_1506440209819{background-image: url(https:\/\/www.molteni.com\/wp-content\/uploads\/2017\/09\/L4A4832.jpg?id=2610) !important;background-position: center !important;background-repeat: no-repeat !important;background-size: cover !important;}\u00a0\u00bb][\/vc_column][\/vc_row][vc_row][vc_column width=\u00a0\u00bb1\/2&Prime; el_class=\u00a0\u00bbbox-grey-text inverti\u00a0\u00bb][vc_custom_heading text=\u00a0\u00bbLe poids de la tradition : les ailes du futur\u00a0\u00bb font_container=\u00a0\u00bbtag:h2|text_align:left|color:%23b58d52&Prime; use_theme_fonts=\u00a0\u00bbyes\u00a0\u00bb][vc_column_text]Seuls les plus grands chefs savent comment combiner simplicit\u00e9 et art, pass\u00e9 et futur, artisanat et science.[\/vc_column_text][\/vc_column][vc_column width=\u00a0\u00bb1\/2&Prime; el_class=\u00a0\u00bbbox-grey-text inverti2&Prime; css=\u00a0\u00bb.vc_custom_1507553844644{background-image: url(https:\/\/www.molteni.com\/wp-content\/uploads\/2017\/09\/91B7937.jpg?id=2612) !important;background-position: center !important;background-repeat: no-repeat !important;background-size: cover !important;}\u00a0\u00bb][\/vc_column][\/vc_row][vc_row section_type=\u00a0\u00bbfullwidth-element\u00a0\u00bb padding_top=\u00a0\u00bb0&Prime; padding_bottom=\u00a0\u00bb0&Prime; margin_bottom=\u00a0\u00bb0&Prime; el_class=\u00a0\u00bbrow-no-margin\u00a0\u00bb][vc_column]<div class=\"eut-element eut-hr \" style=\"\"><div class=\"eut-line-divider\"><\/div><\/div>[\/vc_column][\/vc_row]<\/p>\n<\/div>","protected":false},"excerpt":{"rendered":"<p>[vc_row][vc_column][\/vc_column][\/vc_row][vc_row middle_content=\u00a0\u00bbyes\u00a0\u00bb][vc_column width=\u00a0\u00bb3\/4&Prime;][vc_custom_heading text=\u00a0\u00bbLIGNE MOLTENI CARACTE\u0300RE\u00a0\u00bb font_container=\u00a0\u00bbtag:h2|text_align:left|color:%23b58d52&Prime; use_theme_fonts=\u00a0\u00bbyes\u00a0\u00bb css=\u00a0\u00bb\u00a0\u00bb][vc_column_text css=\u00a0\u00bb\u00a0\u00bb] La l\u00e9gende Molteni continue et ne cesse jamais de faire \u00e9voluer ses cr\u00e9ations. Lorsque le savoir-faire artisanal acquis depuis des g\u00e9n\u00e9rations rencontre les derni\u00e8res innovations techniques, l\u2019h\u00e9ritage devient quasiment immortel. Faites vibrer tous vos sens et laissez votre imagination vous inspirer pour cr\u00e9er la naissance [&hellip;]<\/p>\n","protected":false},"author":1,"featured_media":0,"parent":0,"menu_order":0,"comment_status":"closed","ping_status":"closed","template":"","meta":{"_acf_changed":false,"inline_featured_image":false,"footnotes":""},"acf":[],"yoast_head":"<!-- This site is optimized with the Yoast SEO plugin v25.4 - https:\/\/yoast.com\/wordpress\/plugins\/seo\/ -->\n<title>LIGNE MOLTENI CARACTE\u0300RE - Molteni<\/title>\n<meta name=\"robots\" content=\"index, follow, max-snippet:-1, max-image-preview:large, max-video-preview:-1\" \/>\n<link rel=\"canonical\" href=\"https:\/\/www.molteni.com\/fr\/caractere-line\/\" \/>\n<meta property=\"og:locale\" content=\"fr_FR\" \/>\n<meta property=\"og:type\" content=\"article\" \/>\n<meta property=\"og:title\" content=\"LIGNE MOLTENI CARACTE\u0300RE - Molteni\" \/>\n<meta property=\"og:description\" content=\"[vc_row][vc_column][\/vc_column][\/vc_row][vc_row middle_content=\u00a0\u00bbyes\u00a0\u00bb][vc_column width=\u00a0\u00bb3\/4&Prime;][vc_custom_heading text=\u00a0\u00bbLIGNE MOLTENI CARACTE\u0300RE\u00a0\u00bb font_container=\u00a0\u00bbtag:h2|text_align:left|color:%23b58d52&Prime; use_theme_fonts=\u00a0\u00bbyes\u00a0\u00bb css=\u00a0\u00bb\u00a0\u00bb][vc_column_text css=\u00a0\u00bb\u00a0\u00bb] La l\u00e9gende Molteni continue et ne cesse jamais de faire \u00e9voluer ses cr\u00e9ations. Lorsque le savoir-faire artisanal acquis depuis des g\u00e9n\u00e9rations rencontre les derni\u00e8res innovations techniques, l\u2019h\u00e9ritage devient quasiment immortel. Faites vibrer tous vos sens et laissez votre imagination vous inspirer pour cr\u00e9er la naissance [&hellip;]\" \/>\n<meta property=\"og:url\" content=\"https:\/\/www.molteni.com\/fr\/caractere-line\/\" \/>\n<meta property=\"og:site_name\" content=\"Molteni\" \/>\n<meta property=\"article:modified_time\" content=\"2026-02-25T13:27:29+00:00\" \/>\n<meta name=\"twitter:card\" content=\"summary_large_image\" \/>\n<meta name=\"twitter:label1\" content=\"Dur\u00e9e de lecture estim\u00e9e\" \/>\n\t<meta name=\"twitter:data1\" content=\"2 minutes\" \/>\n<script type=\"application\/ld+json\" class=\"yoast-schema-graph\">{\"@context\":\"https:\/\/schema.org\",\"@graph\":[{\"@type\":\"WebPage\",\"@id\":\"https:\/\/www.molteni.com\/fr\/caractere-line\/\",\"url\":\"https:\/\/www.molteni.com\/fr\/caractere-line\/\",\"name\":\"LIGNE MOLTENI CARACTE\u0300RE - Molteni\",\"isPartOf\":{\"@id\":\"https:\/\/www.molteni.com\/#website\"},\"datePublished\":\"2017-09-26T15:21:00+00:00\",\"dateModified\":\"2026-02-25T13:27:29+00:00\",\"breadcrumb\":{\"@id\":\"https:\/\/www.molteni.com\/fr\/caractere-line\/#breadcrumb\"},\"inLanguage\":\"fr-FR\",\"potentialAction\":[{\"@type\":\"ReadAction\",\"target\":[\"https:\/\/www.molteni.com\/fr\/caractere-line\/\"]}]},{\"@type\":\"BreadcrumbList\",\"@id\":\"https:\/\/www.molteni.com\/fr\/caractere-line\/#breadcrumb\",\"itemListElement\":[{\"@type\":\"ListItem\",\"position\":1,\"name\":\"Home\",\"item\":\"https:\/\/www.molteni.com\/fr\/\"},{\"@type\":\"ListItem\",\"position\":2,\"name\":\"LIGNE MOLTENI CARACTE\u0300RE\"}]},{\"@type\":\"WebSite\",\"@id\":\"https:\/\/www.molteni.com\/#website\",\"url\":\"https:\/\/www.molteni.com\/\",\"name\":\"Molteni\",\"description\":\"Luxury Professional Stoves\",\"potentialAction\":[{\"@type\":\"SearchAction\",\"target\":{\"@type\":\"EntryPoint\",\"urlTemplate\":\"https:\/\/www.molteni.com\/?s={search_term_string}\"},\"query-input\":{\"@type\":\"PropertyValueSpecification\",\"valueRequired\":true,\"valueName\":\"search_term_string\"}}],\"inLanguage\":\"fr-FR\"}]}<\/script>\n<!-- \/ Yoast SEO plugin. -->","yoast_head_json":{"title":"LIGNE MOLTENI CARACTE\u0300RE - Molteni","robots":{"index":"index","follow":"follow","max-snippet":"max-snippet:-1","max-image-preview":"max-image-preview:large","max-video-preview":"max-video-preview:-1"},"canonical":"https:\/\/www.molteni.com\/fr\/caractere-line\/","og_locale":"fr_FR","og_type":"article","og_title":"LIGNE MOLTENI CARACTE\u0300RE - Molteni","og_description":"[vc_row][vc_column][\/vc_column][\/vc_row][vc_row middle_content=\u00a0\u00bbyes\u00a0\u00bb][vc_column width=\u00a0\u00bb3\/4&Prime;][vc_custom_heading text=\u00a0\u00bbLIGNE MOLTENI CARACTE\u0300RE\u00a0\u00bb font_container=\u00a0\u00bbtag:h2|text_align:left|color:%23b58d52&Prime; use_theme_fonts=\u00a0\u00bbyes\u00a0\u00bb css=\u00a0\u00bb\u00a0\u00bb][vc_column_text css=\u00a0\u00bb\u00a0\u00bb] La l\u00e9gende Molteni continue et ne cesse jamais de faire \u00e9voluer ses cr\u00e9ations. Lorsque le savoir-faire artisanal acquis depuis des g\u00e9n\u00e9rations rencontre les derni\u00e8res innovations techniques, l\u2019h\u00e9ritage devient quasiment immortel. Faites vibrer tous vos sens et laissez votre imagination vous inspirer pour cr\u00e9er la naissance [&hellip;]","og_url":"https:\/\/www.molteni.com\/fr\/caractere-line\/","og_site_name":"Molteni","article_modified_time":"2026-02-25T13:27:29+00:00","twitter_card":"summary_large_image","twitter_misc":{"Dur\u00e9e de lecture estim\u00e9e":"2 minutes"},"schema":{"@context":"https:\/\/schema.org","@graph":[{"@type":"WebPage","@id":"https:\/\/www.molteni.com\/fr\/caractere-line\/","url":"https:\/\/www.molteni.com\/fr\/caractere-line\/","name":"LIGNE MOLTENI CARACTE\u0300RE - Molteni","isPartOf":{"@id":"https:\/\/www.molteni.com\/#website"},"datePublished":"2017-09-26T15:21:00+00:00","dateModified":"2026-02-25T13:27:29+00:00","breadcrumb":{"@id":"https:\/\/www.molteni.com\/fr\/caractere-line\/#breadcrumb"},"inLanguage":"fr-FR","potentialAction":[{"@type":"ReadAction","target":["https:\/\/www.molteni.com\/fr\/caractere-line\/"]}]},{"@type":"BreadcrumbList","@id":"https:\/\/www.molteni.com\/fr\/caractere-line\/#breadcrumb","itemListElement":[{"@type":"ListItem","position":1,"name":"Home","item":"https:\/\/www.molteni.com\/fr\/"},{"@type":"ListItem","position":2,"name":"LIGNE MOLTENI CARACTE\u0300RE"}]},{"@type":"WebSite","@id":"https:\/\/www.molteni.com\/#website","url":"https:\/\/www.molteni.com\/","name":"Molteni","description":"Luxury Professional Stoves","potentialAction":[{"@type":"SearchAction","target":{"@type":"EntryPoint","urlTemplate":"https:\/\/www.molteni.com\/?s={search_term_string}"},"query-input":{"@type":"PropertyValueSpecification","valueRequired":true,"valueName":"search_term_string"}}],"inLanguage":"fr-FR"}]}},"_links":{"self":[{"href":"https:\/\/www.molteni.com\/fr\/wp-json\/wp\/v2\/pages\/3087"}],"collection":[{"href":"https:\/\/www.molteni.com\/fr\/wp-json\/wp\/v2\/pages"}],"about":[{"href":"https:\/\/www.molteni.com\/fr\/wp-json\/wp\/v2\/types\/page"}],"author":[{"embeddable":true,"href":"https:\/\/www.molteni.com\/fr\/wp-json\/wp\/v2\/users\/1"}],"replies":[{"embeddable":true,"href":"https:\/\/www.molteni.com\/fr\/wp-json\/wp\/v2\/comments?post=3087"}],"version-history":[{"count":17,"href":"https:\/\/www.molteni.com\/fr\/wp-json\/wp\/v2\/pages\/3087\/revisions"}],"predecessor-version":[{"id":23101,"href":"https:\/\/www.molteni.com\/fr\/wp-json\/wp\/v2\/pages\/3087\/revisions\/23101"}],"wp:attachment":[{"href":"https:\/\/www.molteni.com\/fr\/wp-json\/wp\/v2\/media?parent=3087"}],"curies":[{"name":"wp","href":"https:\/\/api.w.org\/{rel}","templated":true}]}}