{"id":3066,"date":"2017-09-21T08:33:27","date_gmt":"2017-09-21T08:33:27","guid":{"rendered":"https:\/\/www.molteni.com\/1923-line\/"},"modified":"2026-02-25T13:27:41","modified_gmt":"2026-02-25T13:27:41","slug":"1923-line","status":"publish","type":"page","link":"https:\/\/www.molteni.com\/fr\/1923-line\/","title":{"rendered":"LIGNE 1923"},"content":{"rendered":"<div class=\"wpb-content-wrapper\"><p>[vc_row][vc_column el_class=\u00a0\u00bbbox-grey-slide\u00a0\u00bb css=\u00a0\u00bb.vc_custom_1507123260421{background-image: url(https:\/\/www.molteni.com\/wp-content\/uploads\/2017\/09\/molteni_1923-1024&#215;887.jpg?id=2590) !important;background-position: center !important;background-repeat: no-repeat !important;background-size: cover !important;}\u00a0\u00bb][\/vc_column][\/vc_row][vc_row middle_content=\u00a0\u00bbyes\u00a0\u00bb][vc_column width=\u00a0\u00bb3\/4&Prime;][vc_custom_heading text=\u00a0\u00bbLIGNE MOLTENI 1923&Prime; font_container=\u00a0\u00bbtag:h2|text_align:left|color:%23b58d52&Prime; use_theme_fonts=\u00a0\u00bbyes\u00a0\u00bb css=\u00a0\u00bb\u00a0\u00bb][vc_column_text css=\u00a0\u00bb\u00a0\u00bb]<\/p>\n<p class=\"p1\" style=\"text-align: left;\">Une l\u00e9gende n\u00e9e en 1923. D\u2019une marque confidentielle au d\u00e9part, Molteni est rapidement devenue la marque pr\u00e9f\u00e9r\u00e9e des grands chefs qui sont tomb\u00e9s amoureux des cr\u00e9ations faites par un petit atelier artisanal \u00e0 Saint-Uze, France.<br \/>\nChaque fourneau sur-mesure a \u00e9t\u00e9 soigneusement fabriqu\u00e9 avec sa propre personnalit\u00e9, son \u00e2me et pour r\u00e9pondre aux d\u00e9sirs de son nouveau propri\u00e9taire.<br \/>\nDes pianos qui encore aujourd\u2019hui ornent les cuisines des plus grands restaurants du monde, embellissent les r\u00e9sidences priv\u00e9es les plus luxueuses, et sur lesquels les plus grands chefs \u00e9toil\u00e9s choisissent d\u2019\u00e9laborer leurs meilleures cr\u00e9ations.<br \/>\n<strong>Chaque Molteni raconte une histoire, une histoire qui est la votre seulement.<\/strong><\/p>\n<p>[\/vc_column_text][\/vc_column][vc_column width=\u00a0\u00bb1\/4&Prime;]<div class=\"eut-element eut-image eut-align-center\" style=\"\"><img loading=\"lazy\" decoding=\"async\" width=\"200\" height=\"88\" src=\"https:\/\/www.molteni.com\/wp-content\/uploads\/2026\/02\/fab_ligne_gauche_rvb-200x88-1.png\" class=\"attachment-medium size-medium\" alt=\"\" \/><\/div>[\/vc_column][\/vc_row][vc_row section_id=\u00a0\u00bb1923-line-knobs\u00a0\u00bb el_class=\u00a0\u00bbrow-no-margin\u00a0\u00bb][vc_column el_class=\u00a0\u00bbcolumn-link\u00a0\u00bb][vc_raw_html]JTNDYSUyMGhyZWYlM0QlMjAlMjJodHRwcyUzQSUyRiUyRnd3dy5tb2x0ZW5pLmNvbSUyRmZyJTJGMTkyMy1saW5lLWtub2JzJTJGJTIyJTIwY2xhc3MlM0QlMjJjb2x1bW4tbGluayUyMiUzRSUzQyUyRmElM0U=[\/vc_raw_html][\/vc_column][vc_column width=\u00a0\u00bb1\/2&Prime; el_class=\u00a0\u00bbbox-grey-text\u00a0\u00bb][vc_custom_heading text=\u00a0\u00bb250 grammes d\u2019h\u00e9ritage\u00a0\u00bb font_container=\u00a0\u00bbtag:h2|text_align:left|color:%23b58d52&Prime; use_theme_fonts=\u00a0\u00bbyes\u00a0\u00bb][vc_column_text]Chaque fourneau Molteni est con\u00e7u pour donner \u00e0 son utilisateur le go\u00fbt incomparable du luxe et de l&rsquo;acquisition d&rsquo;une cr\u00e9ation unique.<\/p>\n<p><strong class=\"gold\">En savoir plus<\/strong>[\/vc_column_text][\/vc_column][vc_column width=\u00a0\u00bb1\/2&Prime; css=\u00a0\u00bb.vc_custom_1506352854176{background-image: url(https:\/\/www.molteni.com\/wp-content\/uploads\/2017\/09\/molteni-knob.jpg?id=2584) !important;background-position: center !important;background-repeat: no-repeat !important;background-size: cover !important;}\u00a0\u00bb el_class=\u00a0\u00bbbox-grey-text\u00a0\u00bb][\/vc_column][\/vc_row][vc_row el_class=\u00a0\u00bbrow-no-margin\u00a0\u00bb][vc_column el_class=\u00a0\u00bbcolumn-link\u00a0\u00bb][vc_raw_html]JTNDYSUyMGhyZWYlM0QlMjAlMjJodHRwcyUzQSUyRiUyRnd3dy5tb2x0ZW5pLmNvbSUyRmZyJTJGZW5hbWVsbGVkLWNvbG9ycyUyRiUyMiUyMGNsYXNzJTNEJTIyY29sdW1uLWxpbmslMjIlM0UlM0MlMkZhJTNF[\/vc_raw_html][\/vc_column][vc_column width=\u00a0\u00bb1\/2&Prime; css=\u00a0\u00bb.vc_custom_1507553769571{background-image: url(https:\/\/www.molteni.com\/wp-content\/uploads\/2017\/09\/A_7152-m-.jpg?id=2586) !important;background-position: center !important;background-repeat: no-repeat !important;background-size: cover !important;}\u00a0\u00bb el_class=\u00a0\u00bbbox-grey-text inverti2&Prime;][\/vc_column][vc_column width=\u00a0\u00bb1\/2&Prime; el_class=\u00a0\u00bbbox-grey-text inverti\u00a0\u00bb][vc_custom_heading text=\u00a0\u00bbUn attrait incomparable \u00e0 la vue et au toucher\u00a0\u00bb font_container=\u00a0\u00bbtag:h2|text_align:left|color:%23b58d52&Prime; use_theme_fonts=\u00a0\u00bbyes\u00a0\u00bb][vc_column_text]Les panneaux de finitions \u00e9maill\u00e9s sont la marque de fabrique de Molteni.<\/p>\n<p><strong class=\"gold\">En savoir plus<\/strong>[\/vc_column_text][\/vc_column][\/vc_row][vc_row][vc_column el_class=\u00a0\u00bbcolumn-link\u00a0\u00bb][vc_column_text el_class=\u00a0\u00bbcolum-link\u00a0\u00bb]<a href=\"https:\/\/www.molteni.com\/wp-content\/uploads\/2016\/02\/202410-Molteni-Finishing-Guide-A4-FR-pages-BD.pdf\" class=\"column-link ga-event-pdf-link\" data-ga-link=\"https:\/\/www.molteni.com\/wp-content\/uploads\/2016\/02\/202410-Molteni-Finishing-Guide-A4-FR-pages-BD.pdf\" target=\"_blank\"><\/a>[\/vc_column_text][\/vc_column][vc_column width=\u00a0\u00bb1\/2&Prime; el_class=\u00a0\u00bbbox-grey-text\u00a0\u00bb][vc_custom_heading text=\u00a0\u00bbLa Force de la Tradition\u00a0\u00bb font_container=\u00a0\u00bbtag:h2|text_align:left|color:%23b58d52&Prime; use_theme_fonts=\u00a0\u00bbyes\u00a0\u00bb][vc_column_text]Chaque \u00e9l\u00e9ment de votre Molteni est extraordinaire et fabriqu\u00e9 artisanalement pour durer dans le temps.[\/vc_column_text][\/vc_column][vc_column width=\u00a0\u00bb1\/2&Prime; css=\u00a0\u00bb.vc_custom_1506353812636{background-image: url(https:\/\/www.molteni.com\/wp-content\/uploads\/2017\/09\/trims.jpg?id=2588) !important;background-position: center !important;background-repeat: no-repeat !important;background-size: cover !important;}\u00a0\u00bb el_class=\u00a0\u00bbbox-grey-text\u00a0\u00bb][\/vc_column][\/vc_row][vc_row section_type=\u00a0\u00bbfullwidth-element\u00a0\u00bb padding_top=\u00a0\u00bb0&Prime; padding_bottom=\u00a0\u00bb0&Prime; margin_bottom=\u00a0\u00bb0&Prime;][vc_column]<div class=\"eut-element eut-hr \" style=\"\"><div class=\"eut-line-divider\"><\/div><\/div>[\/vc_column][\/vc_row]<\/p>\n<\/div>","protected":false},"excerpt":{"rendered":"<p>[vc_row][vc_column el_class=\u00a0\u00bbbox-grey-slide\u00a0\u00bb css=\u00a0\u00bb.vc_custom_1507123260421{background-image: url(https:\/\/www.molteni.com\/wp-content\/uploads\/2017\/09\/molteni_1923-1024&#215;887.jpg?id=2590) !important;background-position: center !important;background-repeat: no-repeat !important;background-size: cover !important;}\u00a0\u00bb][\/vc_column][\/vc_row][vc_row middle_content=\u00a0\u00bbyes\u00a0\u00bb][vc_column width=\u00a0\u00bb3\/4&Prime;][vc_custom_heading text=\u00a0\u00bbLIGNE MOLTENI 1923&Prime; font_container=\u00a0\u00bbtag:h2|text_align:left|color:%23b58d52&Prime; use_theme_fonts=\u00a0\u00bbyes\u00a0\u00bb css=\u00a0\u00bb\u00a0\u00bb][vc_column_text css=\u00a0\u00bb\u00a0\u00bb] Une l\u00e9gende n\u00e9e en 1923. D\u2019une marque confidentielle au d\u00e9part, Molteni est rapidement devenue la marque pr\u00e9f\u00e9r\u00e9e des grands chefs qui sont tomb\u00e9s amoureux des cr\u00e9ations faites par un petit atelier artisanal \u00e0 Saint-Uze, France. [&hellip;]<\/p>\n","protected":false},"author":1,"featured_media":0,"parent":0,"menu_order":0,"comment_status":"closed","ping_status":"closed","template":"","meta":{"_acf_changed":false,"inline_featured_image":false,"footnotes":""},"acf":[],"yoast_head":"<!-- This site is optimized with the Yoast SEO plugin v25.4 - https:\/\/yoast.com\/wordpress\/plugins\/seo\/ -->\n<title>LIGNE 1923 - Molteni<\/title>\n<meta name=\"robots\" content=\"index, follow, max-snippet:-1, max-image-preview:large, max-video-preview:-1\" \/>\n<link rel=\"canonical\" href=\"https:\/\/www.molteni.com\/fr\/1923-line\/\" \/>\n<meta property=\"og:locale\" content=\"fr_FR\" \/>\n<meta property=\"og:type\" content=\"article\" \/>\n<meta property=\"og:title\" content=\"LIGNE 1923 - Molteni\" \/>\n<meta property=\"og:description\" content=\"[vc_row][vc_column el_class=\u00a0\u00bbbox-grey-slide\u00a0\u00bb css=\u00a0\u00bb.vc_custom_1507123260421{background-image: url(https:\/\/www.molteni.com\/wp-content\/uploads\/2017\/09\/molteni_1923-1024&#215;887.jpg?id=2590) !important;background-position: center !important;background-repeat: no-repeat !important;background-size: cover !important;}\u00a0\u00bb][\/vc_column][\/vc_row][vc_row middle_content=\u00a0\u00bbyes\u00a0\u00bb][vc_column width=\u00a0\u00bb3\/4&Prime;][vc_custom_heading text=\u00a0\u00bbLIGNE MOLTENI 1923&Prime; font_container=\u00a0\u00bbtag:h2|text_align:left|color:%23b58d52&Prime; use_theme_fonts=\u00a0\u00bbyes\u00a0\u00bb css=\u00a0\u00bb\u00a0\u00bb][vc_column_text css=\u00a0\u00bb\u00a0\u00bb] Une l\u00e9gende n\u00e9e en 1923. D\u2019une marque confidentielle au d\u00e9part, Molteni est rapidement devenue la marque pr\u00e9f\u00e9r\u00e9e des grands chefs qui sont tomb\u00e9s amoureux des cr\u00e9ations faites par un petit atelier artisanal \u00e0 Saint-Uze, France. [&hellip;]\" \/>\n<meta property=\"og:url\" content=\"https:\/\/www.molteni.com\/fr\/1923-line\/\" \/>\n<meta property=\"og:site_name\" content=\"Molteni\" \/>\n<meta property=\"article:modified_time\" content=\"2026-02-25T13:27:41+00:00\" \/>\n<meta name=\"twitter:card\" content=\"summary_large_image\" \/>\n<meta name=\"twitter:label1\" content=\"Dur\u00e9e de lecture estim\u00e9e\" \/>\n\t<meta name=\"twitter:data1\" content=\"2 minutes\" \/>\n<script type=\"application\/ld+json\" class=\"yoast-schema-graph\">{\"@context\":\"https:\/\/schema.org\",\"@graph\":[{\"@type\":\"WebPage\",\"@id\":\"https:\/\/www.molteni.com\/fr\/1923-line\/\",\"url\":\"https:\/\/www.molteni.com\/fr\/1923-line\/\",\"name\":\"LIGNE 1923 - Molteni\",\"isPartOf\":{\"@id\":\"https:\/\/www.molteni.com\/#website\"},\"datePublished\":\"2017-09-21T08:33:27+00:00\",\"dateModified\":\"2026-02-25T13:27:41+00:00\",\"breadcrumb\":{\"@id\":\"https:\/\/www.molteni.com\/fr\/1923-line\/#breadcrumb\"},\"inLanguage\":\"fr-FR\",\"potentialAction\":[{\"@type\":\"ReadAction\",\"target\":[\"https:\/\/www.molteni.com\/fr\/1923-line\/\"]}]},{\"@type\":\"BreadcrumbList\",\"@id\":\"https:\/\/www.molteni.com\/fr\/1923-line\/#breadcrumb\",\"itemListElement\":[{\"@type\":\"ListItem\",\"position\":1,\"name\":\"Home\",\"item\":\"https:\/\/www.molteni.com\/fr\/\"},{\"@type\":\"ListItem\",\"position\":2,\"name\":\"LIGNE 1923\"}]},{\"@type\":\"WebSite\",\"@id\":\"https:\/\/www.molteni.com\/#website\",\"url\":\"https:\/\/www.molteni.com\/\",\"name\":\"Molteni\",\"description\":\"Luxury Professional Stoves\",\"potentialAction\":[{\"@type\":\"SearchAction\",\"target\":{\"@type\":\"EntryPoint\",\"urlTemplate\":\"https:\/\/www.molteni.com\/?s={search_term_string}\"},\"query-input\":{\"@type\":\"PropertyValueSpecification\",\"valueRequired\":true,\"valueName\":\"search_term_string\"}}],\"inLanguage\":\"fr-FR\"}]}<\/script>\n<!-- \/ Yoast SEO plugin. -->","yoast_head_json":{"title":"LIGNE 1923 - Molteni","robots":{"index":"index","follow":"follow","max-snippet":"max-snippet:-1","max-image-preview":"max-image-preview:large","max-video-preview":"max-video-preview:-1"},"canonical":"https:\/\/www.molteni.com\/fr\/1923-line\/","og_locale":"fr_FR","og_type":"article","og_title":"LIGNE 1923 - Molteni","og_description":"[vc_row][vc_column el_class=\u00a0\u00bbbox-grey-slide\u00a0\u00bb css=\u00a0\u00bb.vc_custom_1507123260421{background-image: url(https:\/\/www.molteni.com\/wp-content\/uploads\/2017\/09\/molteni_1923-1024&#215;887.jpg?id=2590) !important;background-position: center !important;background-repeat: no-repeat !important;background-size: cover !important;}\u00a0\u00bb][\/vc_column][\/vc_row][vc_row middle_content=\u00a0\u00bbyes\u00a0\u00bb][vc_column width=\u00a0\u00bb3\/4&Prime;][vc_custom_heading text=\u00a0\u00bbLIGNE MOLTENI 1923&Prime; font_container=\u00a0\u00bbtag:h2|text_align:left|color:%23b58d52&Prime; use_theme_fonts=\u00a0\u00bbyes\u00a0\u00bb css=\u00a0\u00bb\u00a0\u00bb][vc_column_text css=\u00a0\u00bb\u00a0\u00bb] Une l\u00e9gende n\u00e9e en 1923. D\u2019une marque confidentielle au d\u00e9part, Molteni est rapidement devenue la marque pr\u00e9f\u00e9r\u00e9e des grands chefs qui sont tomb\u00e9s amoureux des cr\u00e9ations faites par un petit atelier artisanal \u00e0 Saint-Uze, France. [&hellip;]","og_url":"https:\/\/www.molteni.com\/fr\/1923-line\/","og_site_name":"Molteni","article_modified_time":"2026-02-25T13:27:41+00:00","twitter_card":"summary_large_image","twitter_misc":{"Dur\u00e9e de lecture estim\u00e9e":"2 minutes"},"schema":{"@context":"https:\/\/schema.org","@graph":[{"@type":"WebPage","@id":"https:\/\/www.molteni.com\/fr\/1923-line\/","url":"https:\/\/www.molteni.com\/fr\/1923-line\/","name":"LIGNE 1923 - Molteni","isPartOf":{"@id":"https:\/\/www.molteni.com\/#website"},"datePublished":"2017-09-21T08:33:27+00:00","dateModified":"2026-02-25T13:27:41+00:00","breadcrumb":{"@id":"https:\/\/www.molteni.com\/fr\/1923-line\/#breadcrumb"},"inLanguage":"fr-FR","potentialAction":[{"@type":"ReadAction","target":["https:\/\/www.molteni.com\/fr\/1923-line\/"]}]},{"@type":"BreadcrumbList","@id":"https:\/\/www.molteni.com\/fr\/1923-line\/#breadcrumb","itemListElement":[{"@type":"ListItem","position":1,"name":"Home","item":"https:\/\/www.molteni.com\/fr\/"},{"@type":"ListItem","position":2,"name":"LIGNE 1923"}]},{"@type":"WebSite","@id":"https:\/\/www.molteni.com\/#website","url":"https:\/\/www.molteni.com\/","name":"Molteni","description":"Luxury Professional Stoves","potentialAction":[{"@type":"SearchAction","target":{"@type":"EntryPoint","urlTemplate":"https:\/\/www.molteni.com\/?s={search_term_string}"},"query-input":{"@type":"PropertyValueSpecification","valueRequired":true,"valueName":"search_term_string"}}],"inLanguage":"fr-FR"}]}},"_links":{"self":[{"href":"https:\/\/www.molteni.com\/fr\/wp-json\/wp\/v2\/pages\/3066"}],"collection":[{"href":"https:\/\/www.molteni.com\/fr\/wp-json\/wp\/v2\/pages"}],"about":[{"href":"https:\/\/www.molteni.com\/fr\/wp-json\/wp\/v2\/types\/page"}],"author":[{"embeddable":true,"href":"https:\/\/www.molteni.com\/fr\/wp-json\/wp\/v2\/users\/1"}],"replies":[{"embeddable":true,"href":"https:\/\/www.molteni.com\/fr\/wp-json\/wp\/v2\/comments?post=3066"}],"version-history":[{"count":20,"href":"https:\/\/www.molteni.com\/fr\/wp-json\/wp\/v2\/pages\/3066\/revisions"}],"predecessor-version":[{"id":23102,"href":"https:\/\/www.molteni.com\/fr\/wp-json\/wp\/v2\/pages\/3066\/revisions\/23102"}],"wp:attachment":[{"href":"https:\/\/www.molteni.com\/fr\/wp-json\/wp\/v2\/media?parent=3066"}],"curies":[{"name":"wp","href":"https:\/\/api.w.org\/{rel}","templated":true}]}}