{"id":1993,"date":"2016-02-23T17:05:48","date_gmt":"2016-02-23T17:05:48","guid":{"rendered":"https:\/\/www.molteni.com\/fr\/brochure\/"},"modified":"2026-03-09T08:14:05","modified_gmt":"2026-03-09T08:14:05","slug":"brochure","status":"publish","type":"page","link":"https:\/\/www.molteni.com\/fr\/brochure\/","title":{"rendered":"BROCHURE"},"content":{"rendered":"<div class=\"wpb-content-wrapper\"><p>[vc_row flex_height=\u00a0\u00bbyes\u00a0\u00bb middle_content=\u00a0\u00bbyes\u00a0\u00bb padding_top=\u00a0\u00bb0px\u00a0\u00bb padding_bottom=\u00a0\u00bb0px\u00a0\u00bb margin_bottom=\u00a0\u00bb0px\u00a0\u00bb][vc_column width=\u00a0\u00bb1\/2&Prime; el_class=\u00a0\u00bbinverti\u00a0\u00bb][vc_custom_heading text=\u00a0\u00bbLIGNE MOLTENI CARACTE\u0300RE\u00a0\u00bb font_container=\u00a0\u00bbtag:h1|text_align:left\u00a0\u00bb use_theme_fonts=\u00a0\u00bbyes\u00a0\u00bb][vc_column_text]La l\u00e9gende Molteni continue. Le temps de l\u2019\u00e9volution\u00a0c\u2019est maintenant. Quand le savoir-faire artisanal rencontre les derni\u00e8res innovations technologiques, l\u2019h\u00e9ritage devient quasiment immortel et embrasse le futur.<\/p>\n<p><a href=\"https:\/\/www.molteni.com\/wp-content\/uploads\/2016\/02\/Molteni-Caractere-English.pdf\" target=\"_blank\" rel=\"noopener\">Download brochure<\/a>[\/vc_column_text][\/vc_column][vc_column width=\u00a0\u00bb1\/2&Prime; css=\u00a0\u00bb.vc_custom_1509186994506{background-image: url(https:\/\/www.molteni.com\/wp-content\/uploads\/2016\/02\/O7DB7Z1-1024&#215;585.jpg?id=3020) !important;background-position: center !important;background-repeat: no-repeat !important;background-size: cover !important;}\u00a0\u00bb el_class=\u00a0\u00bbbox-grey-text inverti2&Prime;][\/vc_column][\/vc_row][vc_row middle_content=\u00a0\u00bbyes\u00a0\u00bb el_class=\u00a0\u00bbrow-no-margin\u00a0\u00bb][vc_column width=\u00a0\u00bb1\/2&Prime; css=\u00a0\u00bb.vc_custom_1509186986912{background-image: url(https:\/\/www.molteni.com\/wp-content\/uploads\/2016\/02\/brochure2-be-part-of-the-legend.jpg?id=2203) !important;background-position: center !important;background-repeat: no-repeat !important;background-size: cover !important;}\u00a0\u00bb el_class=\u00a0\u00bbbox-grey-text inverti2&Prime;][\/vc_column][vc_column width=\u00a0\u00bb1\/2&Prime; el_class=\u00a0\u00bbinverti\u00a0\u00bb][vc_custom_heading text=\u00a0\u00bboffrez-vous une l\u00e9gende\u00a0\u00bb font_container=\u00a0\u00bbtag:h1|text_align:left\u00a0\u00bb use_theme_fonts=\u00a0\u00bbyes\u00a0\u00bb][vc_column_text css=\u00a0\u00bb\u00a0\u00bb]Une liste de r\u00e9f\u00e9rences des plus beaux fourneaux Molteni sur-mesure. Nous cr\u00e9ons ces solutions sur-mesure pour des chefs depuis pr\u00e8s de 90 ans.<\/p>\n<p><a href=\"https:\/\/www.molteni.com\/wp-content\/uploads\/2016\/02\/MOL-CollectionBook-VOLUME-2020-2023-EN-rev.1-2024-LR.pdf\" target=\"_blank\" rel=\"noopener\">Download book 2020-2023<\/a><br \/>\n<a href=\"https:\/\/www.molteni.com\/wp-content\/uploads\/2016\/02\/MOL-CollectionBook-VOLUME-2010-2019-EN-20231228-LR.pdf\" target=\"_blank\" rel=\"noopener\">Download book 2010-2019<\/a><br \/>\n<a href=\"https:\/\/www.molteni.com\/wp-content\/uploads\/2016\/02\/MOL-CollectionBook-VOLUME-2000-2009-EN-20231228-LR.pdf\" target=\"_blank\" rel=\"noopener\">Download book 2000-2009<\/a>[\/vc_column_text][\/vc_column][\/vc_row][vc_row flex_height=\u00a0\u00bbyes\u00a0\u00bb middle_content=\u00a0\u00bbyes\u00a0\u00bb el_class=\u00a0\u00bbrow-no-margin\u00a0\u00bb][vc_column width=\u00a0\u00bb1\/2&Prime;][vc_custom_heading text=\u00a0\u00bbLa force de la tradition\u00a0\u00bb font_container=\u00a0\u00bbtag:h1|text_align:left\u00a0\u00bb use_theme_fonts=\u00a0\u00bbyes\u00a0\u00bb][vc_column_text css=\u00a0\u00bb\u00a0\u00bb]Chaque pi\u00e8ce de votre Molteni est extra ordinaire et fabriqu\u00e9e de fa\u00e7on artisanale pour durer dans le temps.<\/p>\n<p><a href=\"https:\/\/www.molteni.com\/wp-content\/uploads\/2016\/02\/BR_BR-9JM00207_1_2_1_9_Molteni-Finishing-Guide-A4-EN_20260202_LR.pdf\">Download brochure<\/a>[\/vc_column_text][\/vc_column][vc_column width=\u00a0\u00bb1\/2&Prime; el_class=\u00a0\u00bbbox-grey-text\u00a0\u00bb css=\u00a0\u00bb.vc_custom_1623062094850{background-image: url(https:\/\/www.molteni.com\/wp-content\/uploads\/2021\/06\/molteni_finishing_22-23.jpg?id=8375) !important;background-position: center !important;background-repeat: no-repeat !important;background-size: cover !important;}\u00a0\u00bb][\/vc_column][\/vc_row][vc_row section_type=\u00a0\u00bbfullwidth-element\u00a0\u00bb padding_top=\u00a0\u00bb0px\u00a0\u00bb padding_bottom=\u00a0\u00bb0px\u00a0\u00bb margin_bottom=\u00a0\u00bb0&Prime;][vc_column][vc_empty_space height=\u00a0\u00bb30px\u00a0\u00bb]<div class=\"eut-element eut-hr \" style=\"\"><div class=\"eut-line-divider\"><\/div><\/div>[\/vc_column][\/vc_row]<\/p>\n<\/div>","protected":false},"excerpt":{"rendered":"<p>[vc_row flex_height=\u00a0\u00bbyes\u00a0\u00bb middle_content=\u00a0\u00bbyes\u00a0\u00bb padding_top=\u00a0\u00bb0px\u00a0\u00bb padding_bottom=\u00a0\u00bb0px\u00a0\u00bb margin_bottom=\u00a0\u00bb0px\u00a0\u00bb][vc_column width=\u00a0\u00bb1\/2&Prime; el_class=\u00a0\u00bbinverti\u00a0\u00bb][vc_custom_heading text=\u00a0\u00bbLIGNE MOLTENI CARACTE\u0300RE\u00a0\u00bb font_container=\u00a0\u00bbtag:h1|text_align:left\u00a0\u00bb use_theme_fonts=\u00a0\u00bbyes\u00a0\u00bb][vc_column_text]La l\u00e9gende Molteni continue. Le temps de l\u2019\u00e9volution\u00a0c\u2019est maintenant. Quand le savoir-faire artisanal rencontre les derni\u00e8res innovations technologiques, l\u2019h\u00e9ritage devient quasiment immortel et embrasse le futur. Download brochure[\/vc_column_text][\/vc_column][vc_column width=\u00a0\u00bb1\/2&Prime; css=\u00a0\u00bb.vc_custom_1509186994506{background-image: url(https:\/\/www.molteni.com\/wp-content\/uploads\/2016\/02\/O7DB7Z1-1024&#215;585.jpg?id=3020) !important;background-position: center !important;background-repeat: no-repeat !important;background-size: cover !important;}\u00a0\u00bb el_class=\u00a0\u00bbbox-grey-text inverti2&Prime;][\/vc_column][\/vc_row][vc_row middle_content=\u00a0\u00bbyes\u00a0\u00bb el_class=\u00a0\u00bbrow-no-margin\u00a0\u00bb][vc_column width=\u00a0\u00bb1\/2&Prime; [&hellip;]<\/p>\n","protected":false},"author":1,"featured_media":0,"parent":0,"menu_order":0,"comment_status":"closed","ping_status":"closed","template":"","meta":{"_acf_changed":false,"inline_featured_image":false,"footnotes":""},"acf":[],"yoast_head":"<!-- This site is optimized with the Yoast SEO plugin v25.4 - https:\/\/yoast.com\/wordpress\/plugins\/seo\/ -->\n<title>BROCHURE - Molteni<\/title>\n<meta name=\"robots\" content=\"index, follow, max-snippet:-1, max-image-preview:large, max-video-preview:-1\" \/>\n<link rel=\"canonical\" href=\"https:\/\/www.molteni.com\/fr\/brochure\/\" \/>\n<meta property=\"og:locale\" content=\"fr_FR\" \/>\n<meta property=\"og:type\" content=\"article\" \/>\n<meta property=\"og:title\" content=\"BROCHURE - Molteni\" \/>\n<meta property=\"og:description\" content=\"[vc_row flex_height=\u00a0\u00bbyes\u00a0\u00bb middle_content=\u00a0\u00bbyes\u00a0\u00bb padding_top=\u00a0\u00bb0px\u00a0\u00bb padding_bottom=\u00a0\u00bb0px\u00a0\u00bb margin_bottom=\u00a0\u00bb0px\u00a0\u00bb][vc_column width=\u00a0\u00bb1\/2&Prime; el_class=\u00a0\u00bbinverti\u00a0\u00bb][vc_custom_heading text=\u00a0\u00bbLIGNE MOLTENI CARACTE\u0300RE\u00a0\u00bb font_container=\u00a0\u00bbtag:h1|text_align:left\u00a0\u00bb use_theme_fonts=\u00a0\u00bbyes\u00a0\u00bb][vc_column_text]La l\u00e9gende Molteni continue. Le temps de l\u2019\u00e9volution\u00a0c\u2019est maintenant. Quand le savoir-faire artisanal rencontre les derni\u00e8res innovations technologiques, l\u2019h\u00e9ritage devient quasiment immortel et embrasse le futur. Download brochure[\/vc_column_text][\/vc_column][vc_column width=\u00a0\u00bb1\/2&Prime; css=\u00a0\u00bb.vc_custom_1509186994506{background-image: url(https:\/\/www.molteni.com\/wp-content\/uploads\/2016\/02\/O7DB7Z1-1024&#215;585.jpg?id=3020) !important;background-position: center !important;background-repeat: no-repeat !important;background-size: cover !important;}\u00a0\u00bb el_class=\u00a0\u00bbbox-grey-text inverti2&Prime;][\/vc_column][\/vc_row][vc_row middle_content=\u00a0\u00bbyes\u00a0\u00bb el_class=\u00a0\u00bbrow-no-margin\u00a0\u00bb][vc_column width=\u00a0\u00bb1\/2&Prime; [&hellip;]\" \/>\n<meta property=\"og:url\" content=\"https:\/\/www.molteni.com\/fr\/brochure\/\" \/>\n<meta property=\"og:site_name\" content=\"Molteni\" \/>\n<meta property=\"article:modified_time\" content=\"2026-03-09T08:14:05+00:00\" \/>\n<meta name=\"twitter:card\" content=\"summary_large_image\" \/>\n<meta name=\"twitter:label1\" content=\"Dur\u00e9e de lecture estim\u00e9e\" \/>\n\t<meta name=\"twitter:data1\" content=\"1 minute\" \/>\n<script type=\"application\/ld+json\" class=\"yoast-schema-graph\">{\"@context\":\"https:\/\/schema.org\",\"@graph\":[{\"@type\":\"WebPage\",\"@id\":\"https:\/\/www.molteni.com\/fr\/brochure\/\",\"url\":\"https:\/\/www.molteni.com\/fr\/brochure\/\",\"name\":\"BROCHURE - Molteni\",\"isPartOf\":{\"@id\":\"https:\/\/www.molteni.com\/#website\"},\"datePublished\":\"2016-02-23T17:05:48+00:00\",\"dateModified\":\"2026-03-09T08:14:05+00:00\",\"breadcrumb\":{\"@id\":\"https:\/\/www.molteni.com\/fr\/brochure\/#breadcrumb\"},\"inLanguage\":\"fr-FR\",\"potentialAction\":[{\"@type\":\"ReadAction\",\"target\":[\"https:\/\/www.molteni.com\/fr\/brochure\/\"]}]},{\"@type\":\"BreadcrumbList\",\"@id\":\"https:\/\/www.molteni.com\/fr\/brochure\/#breadcrumb\",\"itemListElement\":[{\"@type\":\"ListItem\",\"position\":1,\"name\":\"Home\",\"item\":\"https:\/\/www.molteni.com\/fr\/\"},{\"@type\":\"ListItem\",\"position\":2,\"name\":\"BROCHURE\"}]},{\"@type\":\"WebSite\",\"@id\":\"https:\/\/www.molteni.com\/#website\",\"url\":\"https:\/\/www.molteni.com\/\",\"name\":\"Molteni\",\"description\":\"Luxury Professional Stoves\",\"potentialAction\":[{\"@type\":\"SearchAction\",\"target\":{\"@type\":\"EntryPoint\",\"urlTemplate\":\"https:\/\/www.molteni.com\/?s={search_term_string}\"},\"query-input\":{\"@type\":\"PropertyValueSpecification\",\"valueRequired\":true,\"valueName\":\"search_term_string\"}}],\"inLanguage\":\"fr-FR\"}]}<\/script>\n<!-- \/ Yoast SEO plugin. -->","yoast_head_json":{"title":"BROCHURE - Molteni","robots":{"index":"index","follow":"follow","max-snippet":"max-snippet:-1","max-image-preview":"max-image-preview:large","max-video-preview":"max-video-preview:-1"},"canonical":"https:\/\/www.molteni.com\/fr\/brochure\/","og_locale":"fr_FR","og_type":"article","og_title":"BROCHURE - Molteni","og_description":"[vc_row flex_height=\u00a0\u00bbyes\u00a0\u00bb middle_content=\u00a0\u00bbyes\u00a0\u00bb padding_top=\u00a0\u00bb0px\u00a0\u00bb padding_bottom=\u00a0\u00bb0px\u00a0\u00bb margin_bottom=\u00a0\u00bb0px\u00a0\u00bb][vc_column width=\u00a0\u00bb1\/2&Prime; el_class=\u00a0\u00bbinverti\u00a0\u00bb][vc_custom_heading text=\u00a0\u00bbLIGNE MOLTENI CARACTE\u0300RE\u00a0\u00bb font_container=\u00a0\u00bbtag:h1|text_align:left\u00a0\u00bb use_theme_fonts=\u00a0\u00bbyes\u00a0\u00bb][vc_column_text]La l\u00e9gende Molteni continue. Le temps de l\u2019\u00e9volution\u00a0c\u2019est maintenant. Quand le savoir-faire artisanal rencontre les derni\u00e8res innovations technologiques, l\u2019h\u00e9ritage devient quasiment immortel et embrasse le futur. Download brochure[\/vc_column_text][\/vc_column][vc_column width=\u00a0\u00bb1\/2&Prime; css=\u00a0\u00bb.vc_custom_1509186994506{background-image: url(https:\/\/www.molteni.com\/wp-content\/uploads\/2016\/02\/O7DB7Z1-1024&#215;585.jpg?id=3020) !important;background-position: center !important;background-repeat: no-repeat !important;background-size: cover !important;}\u00a0\u00bb el_class=\u00a0\u00bbbox-grey-text inverti2&Prime;][\/vc_column][\/vc_row][vc_row middle_content=\u00a0\u00bbyes\u00a0\u00bb el_class=\u00a0\u00bbrow-no-margin\u00a0\u00bb][vc_column width=\u00a0\u00bb1\/2&Prime; [&hellip;]","og_url":"https:\/\/www.molteni.com\/fr\/brochure\/","og_site_name":"Molteni","article_modified_time":"2026-03-09T08:14:05+00:00","twitter_card":"summary_large_image","twitter_misc":{"Dur\u00e9e de lecture estim\u00e9e":"1 minute"},"schema":{"@context":"https:\/\/schema.org","@graph":[{"@type":"WebPage","@id":"https:\/\/www.molteni.com\/fr\/brochure\/","url":"https:\/\/www.molteni.com\/fr\/brochure\/","name":"BROCHURE - Molteni","isPartOf":{"@id":"https:\/\/www.molteni.com\/#website"},"datePublished":"2016-02-23T17:05:48+00:00","dateModified":"2026-03-09T08:14:05+00:00","breadcrumb":{"@id":"https:\/\/www.molteni.com\/fr\/brochure\/#breadcrumb"},"inLanguage":"fr-FR","potentialAction":[{"@type":"ReadAction","target":["https:\/\/www.molteni.com\/fr\/brochure\/"]}]},{"@type":"BreadcrumbList","@id":"https:\/\/www.molteni.com\/fr\/brochure\/#breadcrumb","itemListElement":[{"@type":"ListItem","position":1,"name":"Home","item":"https:\/\/www.molteni.com\/fr\/"},{"@type":"ListItem","position":2,"name":"BROCHURE"}]},{"@type":"WebSite","@id":"https:\/\/www.molteni.com\/#website","url":"https:\/\/www.molteni.com\/","name":"Molteni","description":"Luxury Professional Stoves","potentialAction":[{"@type":"SearchAction","target":{"@type":"EntryPoint","urlTemplate":"https:\/\/www.molteni.com\/?s={search_term_string}"},"query-input":{"@type":"PropertyValueSpecification","valueRequired":true,"valueName":"search_term_string"}}],"inLanguage":"fr-FR"}]}},"_links":{"self":[{"href":"https:\/\/www.molteni.com\/fr\/wp-json\/wp\/v2\/pages\/1993"}],"collection":[{"href":"https:\/\/www.molteni.com\/fr\/wp-json\/wp\/v2\/pages"}],"about":[{"href":"https:\/\/www.molteni.com\/fr\/wp-json\/wp\/v2\/types\/page"}],"author":[{"embeddable":true,"href":"https:\/\/www.molteni.com\/fr\/wp-json\/wp\/v2\/users\/1"}],"replies":[{"embeddable":true,"href":"https:\/\/www.molteni.com\/fr\/wp-json\/wp\/v2\/comments?post=1993"}],"version-history":[{"count":40,"href":"https:\/\/www.molteni.com\/fr\/wp-json\/wp\/v2\/pages\/1993\/revisions"}],"predecessor-version":[{"id":23187,"href":"https:\/\/www.molteni.com\/fr\/wp-json\/wp\/v2\/pages\/1993\/revisions\/23187"}],"wp:attachment":[{"href":"https:\/\/www.molteni.com\/fr\/wp-json\/wp\/v2\/media?parent=1993"}],"curies":[{"name":"wp","href":"https:\/\/api.w.org\/{rel}","templated":true}]}}