{"id":644,"date":"2016-02-24T14:51:14","date_gmt":"2016-02-24T14:51:14","guid":{"rendered":"https:\/\/www.molteni.com\/es\/terms-and-conditions\/"},"modified":"2022-09-23T15:58:13","modified_gmt":"2022-09-23T15:58:13","slug":"terms-and-conditions","status":"publish","type":"page","link":"https:\/\/www.molteni.com\/es\/terms-and-conditions\/","title":{"rendered":"T\u00e9rminos y Condiciones"},"content":{"rendered":"<p>BIENVENIDOS AL SITIO WEB DE MOLTENI<\/p>\n<p>POR FAVOR, LEA ESTOS T\u00c9RMINOS DETENIDAMENTE ANTES DE USAR ESTE SITIO WEB. ESTA WEB \u00daNICAMENTE PODR\u00c1 UTILIZARSE A EFECTOS INFORMATIVOS. DANDO SU CONSENTIMIENTO Y USANDO EL SITIO O DESCARGANDO MATERIALES DEL SITIO, USTED ACEPTA ACATAR LOS T\u00c9RMINOS Y CONDICIONES (\u00abT\u00c9RMINOS DE USO\u00bb) ESTABLECIDOS EN ESTE AVISO. EN CASO DE NO ACEPTAR ESTOS T\u00c9RMINOS Y CONDICIONES, NO DEBER\u00c1 USAR LA WEB NI DESCARGAR SUS CONTENIDOS.<\/p>\n<p>Licencia<\/p>\n<p>Sujeto a los t\u00e9rminos y condiciones establecidos en este Contrato, ELECTROLUX PROFESSIONAL le concede un derecho no exclusivo, intransferible y de acceso limitado, uso y exhibici\u00f3n de este Sitio y de los materiales incluidos en \u00e9l. Usted acepta no interrumpir o intentar interrumpir el funcionamiento del Sitio de ninguna manera.<\/p>\n<p>ELECTROLUX PROFESSIONAL le autoriza a ver y descargar la informaci\u00f3n (\u00abContenidos\u00bb) en el Sitio \u00fanicamente para su uso personal y no comercial. Esta autorizaci\u00f3n no supone la transmisi\u00f3n de la titularidad de los Contenidos y sus copias, y est\u00e1 sujeta a las siguientes restricciones: 1) en todas las copias de los Contenidos descargados, ud. deber\u00e1 mantener todos los avisos que en materia de derechos de autor y otros derechos de propiedad lleven los contenidos; 2) no podr\u00e1 modificar en modo alguno los Contenidos ni proceder \u00a0a su reproducci\u00f3n o visualizaci\u00f3n p\u00fablica, ejecuci\u00f3n, distribuci\u00f3n o utilizaci\u00f3n o comunicaci\u00f3n para cualquier fin p\u00fablico o mercantil; y 3) no deber\u00e1 transmitir los Contenidos a ninguna otra persona a menos que le notifique o acepte las obligaciones derivadas de estos t\u00e9rminos y condiciones de uso. Usted acepta cumplir con todas las restricciones adicionales que aparecen en el Sitio, ya que puede actualizarse de vez en cuando. Este Sitio, incluyendo todos los Contenidos, est\u00e1 protegido por derechos de autor y amparada por lo previsto en las leyes y tratados mundiales en materia de propiedad intelectual. Ud. se obliga a cumplir todas las leyes mundiales en materia de propiedad intelectual al usar este Sitio y a impedir cualquier reproducci\u00f3n no autorizada de los Contenidos. ELECTROLUX PROFESSIONAL no le concede derecho expreso o impl\u00edcito alguno en materia de patentes, dise\u00f1os, marcas comerciales, derechos de autor o legislaci\u00f3n sobre secretos comerciales.<\/p>\n<p>Cuentas de Usuario<\/p>\n<p>Podr\u00e1 exigirse que Ud. abra una cuenta para poder acceder a determinadas zonas restringidas del Sitio. En ese caso, deber\u00e1 formalizar el proceso de registro, facilit\u00e1ndonos los datos completos y exactos que se pidan en el correspondiente formulario de inscripci\u00f3n. Asimismo, deber\u00e1 elegir una clave de acceso. Ud. ser\u00e1 el \u00fanico responsable de mantener la confidencialidad de su clave y cuenta, como tambi\u00e9n de cuantas actividades se produzcan a trav\u00e9s de dicha cuenta. Se obliga a comunicar inmediatamente a ELECTROLUX PROFESSIONAL todo uso autorizado de su cuenta o cualquier otra infracci\u00f3n de las normas de seguridad. ELECTROLUX PROFESSIONAL no ser\u00e1 responsable de ning\u00fan perjuicio que pueda sufrir como consecuencia de la utilizaci\u00f3n por otra persona de su clave o cuenta.<\/p>\n<p>Garant\u00edas del Usuario<\/p>\n<p>Ud. declara y garantiza que utilizar\u00e1 el Sitio de conformidad con el presente Contrato, incluidas las leyes y disposiciones citadas en el mismo, cumpliendo todas las directrices y normas del Sitio vigentes en la actualidad o en el futuro. Se obliga a no utilizar el Sitio para: (a) el env\u00edo masivo de comunicaciones (spam) o la transmisi\u00f3n de comunicaciones no solicitadas; (b) adoptar la identidad de ELECTROLUX PROFESSIONAL o de cualquier otra persona; (c) falsificar membretes o manipular de otro modo identificadores para disimular la procedencia de cualquier contenido transmitido a trav\u00e9s del Sitio; (d) falsear su relaci\u00f3n con una persona o entidad; (e) actuar de forma que afecte negativamente a la capacidad que tienen otros usuarios de utilizar el Sitio; (f) realizar actividades contrarias a cualquier ley de aplicaci\u00f3n; (g) publicar o transmitir cualquier material que suponga una infracci\u00f3n o violaci\u00f3n de cualquier naturaleza de los derechos de terceros o sea il\u00edcito, insultante, difamatorio, vulgar o censurable por otro motivo, o contenga cualquier publicidad o reclamo sobre productos o servicios; o (h) recoger o almacenar datos personales sobre otros usuarios, salvo que cuente con la autorizaci\u00f3n expresa de dichos usuarios. En caso de no cumplir lo anterior, Ud. no podr\u00e1 utilizar el Sitio, ELECTROLUX PROFESSIONAL no quedar\u00e1 obligada legalmente por el presente Contrato, reserv\u00e1ndose todos sus derechos legales derivados de dicho incumplimiento.<\/p>\n<p>Si ud. viola los T\u00e9rminos de uso, es responsable de pagar una indemnizaci\u00f3n por los da\u00f1os causados a ELECTROLUX PROFESSIONAL y sus afiliados como consecuencia de sus acciones.<\/p>\n<p>Cambios<\/p>\n<p>ELECTROLUX PROFESSIONAL se reserva el derecho, a su entera discreci\u00f3n, de cambiar, modificar, suplir o eliminar cualquier parte de este Acuerdo, total o parcialmente, en cualquier momento. Los cambios introducidos en el presente Acuerdo surtir\u00e1n efecto cuando se publique un aviso del cambio en el Sitio. Su uso continuado del Sitio despu\u00e9s de publicarse cualquier cambio a este Acuerdo se considerar\u00e1 una aceptaci\u00f3n de dichos cambios.<\/p>\n<p>ELECTROLUX PROFESSIONAL podr\u00e1 en cualquier momento y sin previo aviso finalizar, modificar, corregir cualquier error u omisi\u00f3n en cualquier parte del Sitio, realizar cualquier otro cambio en el Sitio y en los contenidos y productos, programas, servicios o precios (en su caso) descritos en el Sitio, y suspender o interrumpir cualquier aspecto del Sitio, incluida la disponibilidad de cualquiera de sus caracter\u00edsticas. ELECTROLUX PROFESSIONAL podr\u00e1, sin previo aviso y sin incurrir en responsabilidad, imponer l\u00edmites sobre determinadas caracter\u00edsticas y servicios o restringir su acceso a determinadas partes de la web o a toda la web. ELECTROLUX PROFESSIONAL podr\u00e1 resolver la autorizaci\u00f3n, los derechos y la licencia que se otorgan anteriormente en cualquier momento y, producida dicha resoluci\u00f3n, Ud. deber\u00e1 destruir todos los Contenidos inmediatamente.<\/p>\n<p>Reconocimiento de los derechos de propiedad intelectual<\/p>\n<p>Usted reconoce que todos los derechos de propiedad intelectual (incluidos, entre otros, los derechos de autor, las patentes, los conocimientos t\u00e9cnicos, la informaci\u00f3n confidencial, los derechos de base de datos y los derechos sobre marcas registradas y dise\u00f1os registrados o no registrados) Propiedad de ELECTROLUX PROFESSIONAL o sus otorgantes de licencias. Todo derecho de propiedad y derechos de propiedad intelectual derivados del uso de tales derechos de propiedad intelectual de ELECTROLUX PROFESSIONAL ser\u00e1n propiedad de ELECTROLUX PROFESSIONAL.<\/p>\n<p>Sus datos compartidos con Electrolux Professional<\/p>\n<p>Compartiendo su informaci\u00f3n personal identificable nos permite ofrecerle una serie de ventajas. Utilizando su cuenta personal u otro tipo de registro, ser\u00e1 mucho m\u00e1s f\u00e1cil y c\u00f3modo:<\/p>\n<ul>\n<li>Registrar su compra con lo que obtendr\u00e1 todas las ventajas que su compra le da derecho<\/li>\n<li>Solicitar informaci\u00f3n espec\u00edfica de art\u00edculos de su inter\u00e9s<br \/>\n\u2022 Recibir mensajes con ofertas especiales e invitaciones personalizadas<br \/>\n\u2022 Para obtener m\u00e1s informaci\u00f3n al comprar accesorios y repuestos de Electrolux Professional en l\u00ednea<br \/>\n\u2022 Recibir notificaciones e informaci\u00f3n de eventos y promociones en las que se haya registrado<\/li>\n<\/ul>\n<p>Tambi\u00e9n nos permitir\u00e1 conocer conductas de mercado y hacer estudios estad\u00edsticos para ayudarnos a desarrollar mejores productos, mejorar nuestros sitios web y conocer mejor a nuestros consumidores. Ud. puede optar por compartir su informaci\u00f3n con nosotros de diferentes formas \u2018on line\u2019, tales como completando un formulario de registro para convertirse en miembro de My Pages, pidiendo la realizaci\u00f3n de un servicio o instalaci\u00f3n, participando en un concurso, asistiendo a un evento, registrando un evento, registrando una compra, realizando una compra online o participando en una promoci\u00f3n, o suscribi\u00e9ndose a un bolet\u00edn de noticias.<\/p>\n<p>Tenga en cuenta que sus datos personales ser\u00e1n almacenados en una base de datos central de Electrolux Professional y que podr\u00e1n ser transferidos de su pa\u00eds de origen a otras empresas de Electrolux Professional en el mundo, las que podr\u00edan contactar con ud. para informarle de nuestros productos y de ofertas especiales. Si ud. no desea recibir promociones, ind\u00edquenoslo no aceptando su consentimiento en el formulario de registro.<\/p>\n<p>La informaci\u00f3n ser\u00e1 manejada y gestionada cuidadosamente por parte de Electrolux Professional. Con excepci\u00f3n de lo previsto en lo anterior, esta informaci\u00f3n no ser\u00e1 sometida a ning\u00fan tercero, excepto en el caso de que tuvi\u00e9ramos consentimiento para ello.<\/p>\n<p>Si desea que dejemos de enviarle ofertas o informaci\u00f3n personalizada, puede hac\u00e9rnoslo saber mediante el uso de funciones \u2018opt-out\u2019 proporcionadas en el correo electr\u00f3nico o en su cuenta. Si quiere que eliminemos completamente sus datos debe hac\u00e9rnoslo saber para desactivar completamente su cuenta en nuestro sistema.<\/p>\n<p>Tenga en cuenta que los datos personales proporcionados por pedidos o peticiones de servicio realizados on line ser\u00e1n, a menos que ud. cree una cuenta de suscripci\u00f3n a promociones, \u00fanicamente usados con el objetivo de cumplir con nuestras obligaciones con ud.<\/p>\n<p>Informaci\u00f3n facilitada por ud.<\/p>\n<p>Cualquier dato personal identificable que proporcione a ELECTROLUX PROFESSIONAL a trav\u00e9s de esta web est\u00e1 protegido por las leyes aplicables. No obstante, no deber\u00eda enviar ninguna informaci\u00f3n confidencial o reservada a ELECTROLUX PROFESSIONAL a trav\u00e9s de la web. Ud. acepta que los datos o contenidos que ud. o personas que act\u00faen en su nombre faciliten a ELECTROLUX PROFESSIONAL no tendr\u00e1n la consideraci\u00f3n de confidencial o reservados. Al proporcionar informaci\u00f3n o contenido a ELECTROLUX PROFESSIONAL, ud. cede y transfiere a ELECTROLUX PROFESSIONAL todos los derechos de propiedad industrial e intelectual sobre dichos datos y contenidos, y ELECTROLUX PROFESSIONAL podr\u00e1 por tanto utilizar libremente, reproducir, visualizar, mostrar p\u00fablicamente, transmitir, distribuir, modificar, ceder, y conceder licencias sobre dichos datos y contenidos, y ud. acepta asimismo que ELECTROLUX PROFESSIONAL podr\u00e1 utilizar libremente cualquier idea, concepto o conocimientos t\u00e9cnicos que ud. o personas que act\u00faen en su nombre faciliten a ELECTROLUX PROFESSIONAL. Ud. garantiza asimismo que no facilitar\u00e1 ninguna clase de dato o contenido a ELECTROLUX PROFESSIONAL que sea difamatorio, amenazador, obsceno, hostil o il\u00edcito. ELECTROLUX PROFESSIONAL se reserva el derecho, a su entera discreci\u00f3n, de eliminar cualquier informaci\u00f3n que facilite ud. del Sitio.<\/p>\n<p>Seguridad<\/p>\n<p>Ud. no podr\u00e1: (a) usar ning\u00fan dispositivo o programa capaz de interferir con el funcionamiento del Sitio; o (b) realizar cualquier acci\u00f3n que suponga una carga desproporcionadamente grande o excesiva para la infraestructura del Sitio, (como el env\u00edo masivo de correos electr\u00f3nicos \u2013 \u00abspamming\u00bb), o (c) interferir o manipular el software de la web o su funcionalidad. Esto incluye poner material en la web infectado con virus, caballos de Troya, bombas de relojer\u00eda u otros elementos que puedan da\u00f1ar o interferir en la estructura de programaci\u00f3n de la web.<\/p>\n<p>Sitios web de Terceros.<\/p>\n<p>ELECTROLUX PROFESSIONAL no est\u00e1 obligado a realizar un seguimiento o una revisi\u00f3n del contenido de p\u00e1ginas web de Terceros y ELECTROLUX PROFESSIONAL no ser\u00e1 responsable de la exactitud o fiabilidad de dichas p\u00e1ginas web de terceros. Por otra parte, ELECTROLUX PROFESSIONAL podr\u00e1 incluir en este Sitio enlaces a p\u00e1ginas web explotadas por otras entidades. Si ud. utiliza esas webs, saldr\u00e1 de este Sitio. Si ud. visita cualquier web utilizando un enlace, lo har\u00e1 por su cuenta y riesgo, y ser\u00e1 su responsabilidad adoptar cuantas medidas preventivas sean necesarias para protegerse de virus u otros elementos destructivos. ELECTROLUX PROFESSIONAL nada manifiesta ni garantiza respecto de cualquier web para la que se incluya un enlace o respecto de la informaci\u00f3n que aparezca en la misma o cualquiera de los productos o servicios que se describan en la misma. Los enlaces no implican que ELECTROLUX PROFESSIONAL o los patrocinadores de esta web, promuevan, tengan relaci\u00f3n o asociaci\u00f3n, o est\u00e9n autorizados legalmente para usar cualquier s\u00edmbolo de marca, nombre comercial, logotipo o derechos de autor que se visualice o sea accesible a trav\u00e9s de los enlaces, o que cualquier web a la que se acceda mediante un enlace est\u00e9 autorizada para usar cualquier s\u00edmbolo de marca, nombre comercial, logotipo o derechos de autor de ELECTROLUX PROFESSIONAL o cualquiera de sus entidades participadas o filiales.<\/p>\n<p>Enlaces externos dirigidos al Sitio<\/p>\n<p>Todos los enlaces al Sitio deber\u00e1n contar con la aprobaci\u00f3n por escrito de ELECTROLUX PROFESSIONAL, si bien ELECTROLUX PROFESSIONAL consiente aquellos enlaces en los que: (i) el enlace sea un enlace de texto \u00fanicamente, que se limite a contener el nombre \u00abELECTROLUX PROFESSIONAL\u00bb y no contenga ninguna de las marcas propiedad de ELECTROLUX PROFESSIONAL o de su licenciatario; (ii) el enlace \u00abapunte\u00bb \u00fanicamente a www.electroluxprofessional.com y no a p\u00e1ginas interiores; (iii) al activarse por un usuario, el enlace exhiba esa p\u00e1gina a toda pantalla en la ventana de un navegador totalmente funcional y operativo y no dentro de un \u00abmarco\u00bb en la web enlazada; y (iv) el aspecto, la posici\u00f3n, y otras caracter\u00edsticas del enlace no creen la falsa apariencia de que una entidad o sus actividades o productos se asocian a ELECTROLUX PROFESSIONAL o cuentan con su patrocinio, y no puedan perjudicar o debilitar el fondo de comercio asociado al nombre y a las marcas de ELECTROLUX PROFESSIONAL o sus entidades Participadas. ELECTROLUX PROFESSIONAL se reserva el derecho de revocar este consentimiento de incluir enlaces en cualquier momento y a su entera discreci\u00f3n.<\/p>\n<p>Exclusi\u00f3n de garant\u00edas impl\u00edcitas<\/p>\n<p>Aunque se ha procurado asegurar la exactitud de la informaci\u00f3n en este Sitio, ELECTROLUX PROFESSIONAL no se responsabiliza en absoluto de la misma. LOS CONTENIDOS PUEDEN TENER INEXACTITUDES Y ERRORES TIPOGR\u00c1FICOS. ELECTROLUX NO GARANTIZA LA EXACTITUD O INTEGRIDAD DE LOS CONTENIDOS O LA FIABILIDAD DE CUALQUIER CONSEJO, OPINI\u00d3N, DECLARACI\u00d3N U OTRO DATO QUE SE VISUALICE O DISTRIBUYA A TRAV\u00c9S DE LA WEB. UD. RECONOCE QUE TODO USO POR SU PARTE DE CUALQUIER OPINI\u00d3N, CONSEJO, DECLARACI\u00d3N, MEMORIA O INFORMACI\u00d3N SEG\u00daN LO ANTERIOR SER\u00c1 POR SU CUENTA Y RIESGO. UD. RECONOCE QUE TODO USO POR SU PARTE DE CUALQUIER OPINI\u00d3N, CONSEJO, DECLARACI\u00d3N, MEMORIA O INFORMACI\u00d3N SEG\u00daN LO ANTERIOR SER\u00c1 POR SU CUENTA Y RIESGO. EL CONTENIDO SE FACILITA EN TODO CASO \u00abSEG\u00daN SE PRESENTA\u00bb Y \u00abSEG\u00daN EST\u00c1 DISPONIBLE\u00bb. ELECTROLUX PROFESSIONAL NIEGA EXPRESAMENTE CUALQUIER DECLARACI\u00d3N O GARANT\u00cdA DE LA NATURALEZA QUE SEA, EXPRESA O IMPL\u00cdCITA, INCLUIDAS, SIN LIMITACI\u00d3N, LAS GARANT\u00cdAS DE APTITUD COMERCIAL O IDONEIDAD PARA UN FIN CONCRETO, DE INEXISTENCIA DE INFRACCI\u00d3N, O DE FUNCIONAMIENTO DE ESTE SITIO O DE SU CONTENIDO. ELECTROLUX PROFESSIONAL NO GARANTIZA NI REALIZA DECLARACI\u00d3N ALGUNA EN CUANTO A LA SEGURIDAD DE ESTE SITIO. UD. RECONOCE QUE CUALQUIER INFORMACI\u00d3N ENVIADA PUEDE SER INTERCEPTADA. ELECTROLUX PROFESSIONAL NO GARANTIZA QUE LA WEB O LOS SERVIDORES QUE PERMITEN DISPONER DE ESTA WEB O LAS COMUNICACIONES ELECTR\u00d3NICAS ENVIADAS POR ELECTROLUX PROFESSIONAL EST\u00c9N LIBRES DE VIRUS U OTROS ELEMENTOS PERJUDICIALES. SE EXCLUYEN TODAS ESAS DECLARACIONES, GARANT\u00cdAS Y CONDICIONES, SALVO EN LA MEDIDA EN QUE QUEDE PROHIBIDA SU EXCLUSI\u00d3N POR LEY.<\/p>\n<p>Limitaci\u00f3n de responsabilidad<\/p>\n<p>ELECTROLUX PROFESSIONAL NO SE RESPONSABILIZAR\u00c1 BAJO NING\u00daN CONCEPTO DE LOS DA\u00d1OS DIRECTOS, INDIRECTOS, EMERGENTES, PUNITIVOS, ESPECIALES O ACCESORIOS (INCLUSO, SIN LIMITACI\u00d3N, DA\u00d1OS POR P\u00c9RDIDA DE NEGOCIO, CONTRATO, INGRESOS, DATOS, INFORMACI\u00d3N O INTERRUPCI\u00d3N DEL NEGOCIO) QUE SE DERIVEN, RESULTEN O TRAIGAN CAUSA DEL USO O LA IMPOSIBILIDAD DE USAR ESTA WEB O SU CONTENIDO O SEAN CONSECUENCIA DEL PRESENTE CONTRATO O SE REFIERAN AL MISMO, AUNQUE ELECTROLUX PROFESSIONAL HAYA SIDO INFORMADA DE LA POSIBILIDAD DE QUE SE PRODUZCAN DICHOS DA\u00d1OS. ADEM\u00c1S DE LO PREVISTO EN EL PRESENTE, ELECTROLUX PROFESSIONAL NO SE RESPONSABILIZAR\u00c1 EN NING\u00daN CASO DE<\/p>\n<p>ERRORES, INEXACTITUDES, OMISIONES U OTROS DEFECTOS DE CUALQUIER CLASE O DE DESFASES TEMPORALES O FALTA DE AUTENTICIDAD DE CUALQUIER INFORMACI\u00d3N CONTENIDA EN ESTE SITIO.<\/p>\n<p>Obligaci\u00f3n de mitigar p\u00e9rdidas<\/p>\n<p>Sin perjuicio de la limitaci\u00f3n de responsabilidad indicada en el presente, Ud. deber\u00e1 adoptar cuantas medidas sean razonables para mitigar el perjuicio que derive para ud. en relaci\u00f3n con cualquier reclamaci\u00f3n o demanda (ya sea por negligencia, incumplimiento de contrato o de otro modo), que pueda presentar contra ELECTROLUX PROFESSIONAL.<\/p>\n<p>Notificaciones<\/p>\n<p>Todas las referencias a \u00abescrito\u00bb, \u00abnotificaciones\u00bb, y \u00abnotificaci\u00f3n\u00bb y expresiones con un objetivo similar incluir\u00e1n los m\u00e9todos electr\u00f3nicos de comunicaci\u00f3n (por ejemplo, correo electr\u00f3nico) siempre que la persona que haga uso de la comunicaci\u00f3n conserve un justificante aceptable del env\u00edo y la recepci\u00f3n de la misma.<\/p>\n<p>Plazos y divisibilidad<\/p>\n<p>Cualquier causa que pueda tener con respecto al uso del Sitio deber\u00e1 iniciarse dentro de un (1) a\u00f1o despu\u00e9s de que surja la reclamaci\u00f3n o causa. Si por alguna raz\u00f3n un tribunal de jurisdicci\u00f3n competente considera que alguna cl\u00e1usula del Acuerdo o parte del mismo, no es exigible, dicha disposici\u00f3n se aplicar\u00e1 en la m\u00e1xima medida permitida por lo que puede afectar a la intenci\u00f3n del Acuerdo, y el resto del presente Acuerdo continuar\u00e1 en pleno vigor y efecto.<\/p>\n<p>Acceso desde territorios y lugares fuera de Suecia<\/p>\n<p>ELECTROLUX PROFESSIONAL no garantiza que los materiales de esta Web sean apropiados o est\u00e9n disponibles para su uso en otros lugares fuera de Suecia y se proh\u00edbe el acceso a los mismos desde territorios donde su contenido sea ilegal. Si accede a esta Web desde lugares situados fuera de Suecia, ser\u00e1 responsable del cumplimiento de todas las leyes locales.<\/p>\n<p>Ley aplicable<\/p>\n<p>El uso de este sitio y estas condiciones de uso se regir\u00e1n por las leyes del Reino de Suecia, sin dar efecto a su conflicto de disposiciones legales.<\/p>\n<p>&nbsp;<\/p>\n<p>Access from territories and locations outside of Sweden<\/p>\n<p>ELECTROLUX PROFESSIONAL makes no representation that materials at this Site are appropriate or available for use at other locations outside of Sweden and access to them from territories where their contents are illegal is prohibited. If you access this Site from locations outside of Sweden, you are responsible for compliance with all local laws. Governing Law.<\/p>\n<p>Your use of this site and these Terms of use shall be governed by the laws of the Kingdom of Sweden, without giving effect to its conflict of laws provisions.<\/p>\n","protected":false},"excerpt":{"rendered":"<p>BIENVENIDOS AL SITIO WEB DE MOLTENI POR FAVOR, LEA ESTOS T\u00c9RMINOS DETENIDAMENTE ANTES DE USAR ESTE SITIO WEB. ESTA WEB \u00daNICAMENTE PODR\u00c1 UTILIZARSE A EFECTOS INFORMATIVOS. DANDO SU CONSENTIMIENTO Y USANDO EL SITIO O DESCARGANDO MATERIALES DEL SITIO, USTED ACEPTA ACATAR LOS T\u00c9RMINOS Y CONDICIONES (\u00abT\u00c9RMINOS DE USO\u00bb) ESTABLECIDOS EN ESTE AVISO. EN CASO DE [&hellip;]<\/p>\n","protected":false},"author":1,"featured_media":0,"parent":0,"menu_order":0,"comment_status":"closed","ping_status":"closed","template":"","meta":{"_acf_changed":false,"inline_featured_image":false,"footnotes":""},"acf":[],"yoast_head":"<!-- This site is optimized with the Yoast SEO plugin v25.4 - https:\/\/yoast.com\/wordpress\/plugins\/seo\/ -->\n<title>T\u00e9rminos y Condiciones - Molteni<\/title>\n<meta name=\"robots\" content=\"index, follow, max-snippet:-1, max-image-preview:large, max-video-preview:-1\" \/>\n<link rel=\"canonical\" href=\"https:\/\/www.molteni.com\/es\/terms-and-conditions\/\" \/>\n<meta property=\"og:locale\" content=\"es_ES\" \/>\n<meta property=\"og:type\" content=\"article\" \/>\n<meta property=\"og:title\" content=\"T\u00e9rminos y Condiciones - Molteni\" \/>\n<meta property=\"og:description\" content=\"BIENVENIDOS AL SITIO WEB DE MOLTENI POR FAVOR, LEA ESTOS T\u00c9RMINOS DETENIDAMENTE ANTES DE USAR ESTE SITIO WEB. ESTA WEB \u00daNICAMENTE PODR\u00c1 UTILIZARSE A EFECTOS INFORMATIVOS. DANDO SU CONSENTIMIENTO Y USANDO EL SITIO O DESCARGANDO MATERIALES DEL SITIO, USTED ACEPTA ACATAR LOS T\u00c9RMINOS Y CONDICIONES (\u00abT\u00c9RMINOS DE USO\u00bb) ESTABLECIDOS EN ESTE AVISO. EN CASO DE [&hellip;]\" \/>\n<meta property=\"og:url\" content=\"https:\/\/www.molteni.com\/es\/terms-and-conditions\/\" \/>\n<meta property=\"og:site_name\" content=\"Molteni\" \/>\n<meta property=\"article:modified_time\" content=\"2022-09-23T15:58:13+00:00\" \/>\n<meta name=\"twitter:card\" content=\"summary_large_image\" \/>\n<meta name=\"twitter:label1\" content=\"Tiempo de lectura\" \/>\n\t<meta name=\"twitter:data1\" content=\"15 minutos\" \/>\n<script type=\"application\/ld+json\" class=\"yoast-schema-graph\">{\"@context\":\"https:\/\/schema.org\",\"@graph\":[{\"@type\":\"WebPage\",\"@id\":\"https:\/\/www.molteni.com\/es\/terms-and-conditions\/\",\"url\":\"https:\/\/www.molteni.com\/es\/terms-and-conditions\/\",\"name\":\"T\u00e9rminos y Condiciones - Molteni\",\"isPartOf\":{\"@id\":\"https:\/\/www.molteni.com\/#website\"},\"datePublished\":\"2016-02-24T14:51:14+00:00\",\"dateModified\":\"2022-09-23T15:58:13+00:00\",\"breadcrumb\":{\"@id\":\"https:\/\/www.molteni.com\/es\/terms-and-conditions\/#breadcrumb\"},\"inLanguage\":\"es\",\"potentialAction\":[{\"@type\":\"ReadAction\",\"target\":[\"https:\/\/www.molteni.com\/es\/terms-and-conditions\/\"]}]},{\"@type\":\"BreadcrumbList\",\"@id\":\"https:\/\/www.molteni.com\/es\/terms-and-conditions\/#breadcrumb\",\"itemListElement\":[{\"@type\":\"ListItem\",\"position\":1,\"name\":\"Home\",\"item\":\"https:\/\/www.molteni.com\/es\/\"},{\"@type\":\"ListItem\",\"position\":2,\"name\":\"T\u00e9rminos y Condiciones\"}]},{\"@type\":\"WebSite\",\"@id\":\"https:\/\/www.molteni.com\/#website\",\"url\":\"https:\/\/www.molteni.com\/\",\"name\":\"Molteni\",\"description\":\"Luxury Professional Stoves\",\"potentialAction\":[{\"@type\":\"SearchAction\",\"target\":{\"@type\":\"EntryPoint\",\"urlTemplate\":\"https:\/\/www.molteni.com\/?s={search_term_string}\"},\"query-input\":{\"@type\":\"PropertyValueSpecification\",\"valueRequired\":true,\"valueName\":\"search_term_string\"}}],\"inLanguage\":\"es\"}]}<\/script>\n<!-- \/ Yoast SEO plugin. -->","yoast_head_json":{"title":"T\u00e9rminos y Condiciones - Molteni","robots":{"index":"index","follow":"follow","max-snippet":"max-snippet:-1","max-image-preview":"max-image-preview:large","max-video-preview":"max-video-preview:-1"},"canonical":"https:\/\/www.molteni.com\/es\/terms-and-conditions\/","og_locale":"es_ES","og_type":"article","og_title":"T\u00e9rminos y Condiciones - Molteni","og_description":"BIENVENIDOS AL SITIO WEB DE MOLTENI POR FAVOR, LEA ESTOS T\u00c9RMINOS DETENIDAMENTE ANTES DE USAR ESTE SITIO WEB. ESTA WEB \u00daNICAMENTE PODR\u00c1 UTILIZARSE A EFECTOS INFORMATIVOS. DANDO SU CONSENTIMIENTO Y USANDO EL SITIO O DESCARGANDO MATERIALES DEL SITIO, USTED ACEPTA ACATAR LOS T\u00c9RMINOS Y CONDICIONES (\u00abT\u00c9RMINOS DE USO\u00bb) ESTABLECIDOS EN ESTE AVISO. EN CASO DE [&hellip;]","og_url":"https:\/\/www.molteni.com\/es\/terms-and-conditions\/","og_site_name":"Molteni","article_modified_time":"2022-09-23T15:58:13+00:00","twitter_card":"summary_large_image","twitter_misc":{"Tiempo de lectura":"15 minutos"},"schema":{"@context":"https:\/\/schema.org","@graph":[{"@type":"WebPage","@id":"https:\/\/www.molteni.com\/es\/terms-and-conditions\/","url":"https:\/\/www.molteni.com\/es\/terms-and-conditions\/","name":"T\u00e9rminos y Condiciones - Molteni","isPartOf":{"@id":"https:\/\/www.molteni.com\/#website"},"datePublished":"2016-02-24T14:51:14+00:00","dateModified":"2022-09-23T15:58:13+00:00","breadcrumb":{"@id":"https:\/\/www.molteni.com\/es\/terms-and-conditions\/#breadcrumb"},"inLanguage":"es","potentialAction":[{"@type":"ReadAction","target":["https:\/\/www.molteni.com\/es\/terms-and-conditions\/"]}]},{"@type":"BreadcrumbList","@id":"https:\/\/www.molteni.com\/es\/terms-and-conditions\/#breadcrumb","itemListElement":[{"@type":"ListItem","position":1,"name":"Home","item":"https:\/\/www.molteni.com\/es\/"},{"@type":"ListItem","position":2,"name":"T\u00e9rminos y Condiciones"}]},{"@type":"WebSite","@id":"https:\/\/www.molteni.com\/#website","url":"https:\/\/www.molteni.com\/","name":"Molteni","description":"Luxury Professional Stoves","potentialAction":[{"@type":"SearchAction","target":{"@type":"EntryPoint","urlTemplate":"https:\/\/www.molteni.com\/?s={search_term_string}"},"query-input":{"@type":"PropertyValueSpecification","valueRequired":true,"valueName":"search_term_string"}}],"inLanguage":"es"}]}},"_links":{"self":[{"href":"https:\/\/www.molteni.com\/es\/wp-json\/wp\/v2\/pages\/644"}],"collection":[{"href":"https:\/\/www.molteni.com\/es\/wp-json\/wp\/v2\/pages"}],"about":[{"href":"https:\/\/www.molteni.com\/es\/wp-json\/wp\/v2\/types\/page"}],"author":[{"embeddable":true,"href":"https:\/\/www.molteni.com\/es\/wp-json\/wp\/v2\/users\/1"}],"replies":[{"embeddable":true,"href":"https:\/\/www.molteni.com\/es\/wp-json\/wp\/v2\/comments?post=644"}],"version-history":[{"count":7,"href":"https:\/\/www.molteni.com\/es\/wp-json\/wp\/v2\/pages\/644\/revisions"}],"predecessor-version":[{"id":11856,"href":"https:\/\/www.molteni.com\/es\/wp-json\/wp\/v2\/pages\/644\/revisions\/11856"}],"wp:attachment":[{"href":"https:\/\/www.molteni.com\/es\/wp-json\/wp\/v2\/media?parent=644"}],"curies":[{"name":"wp","href":"https:\/\/api.w.org\/{rel}","templated":true}]}}