{"id":3197,"date":"2017-09-26T15:21:00","date_gmt":"2017-09-26T15:21:00","guid":{"rendered":"https:\/\/www.molteni.com\/caractere-line\/"},"modified":"2026-02-25T13:29:31","modified_gmt":"2026-02-25T13:29:31","slug":"caractere-line","status":"publish","type":"page","link":"https:\/\/www.molteni.com\/es\/caractere-line\/","title":{"rendered":"Caract\u00e8re line"},"content":{"rendered":"<div class=\"wpb-content-wrapper\"><p>[vc_row][vc_column]<div class=\"eut-element eut-carousel-wrapper\"  style=\" \"><div class=\"eut-slider eut-carousel-element \" data-slider-speed=\"3500\" data-slider-pause=\"no\" data-navigation-type=\"0\" data-slider-autoplay=\"yes\" data-slider-autoheight=\"no\"><div class=\"eut-slider-item\"><figure><div class=\"eut-media\"><img loading=\"lazy\" decoding=\"async\" width=\"1024\" height=\"587\" src=\"https:\/\/www.molteni.com\/wp-content\/uploads\/2021\/03\/molteni-caractere-nera-con-top-acciaio-1024x587.jpg\" class=\"attachment-large size-large\" alt=\"\" srcset=\"https:\/\/www.molteni.com\/wp-content\/uploads\/2021\/03\/molteni-caractere-nera-con-top-acciaio-1024x587.jpg 1024w, https:\/\/www.molteni.com\/wp-content\/uploads\/2021\/03\/molteni-caractere-nera-con-top-acciaio-300x172.jpg 300w, https:\/\/www.molteni.com\/wp-content\/uploads\/2021\/03\/molteni-caractere-nera-con-top-acciaio-768x440.jpg 768w, https:\/\/www.molteni.com\/wp-content\/uploads\/2021\/03\/molteni-caractere-nera-con-top-acciaio-1536x880.jpg 1536w, https:\/\/www.molteni.com\/wp-content\/uploads\/2021\/03\/molteni-caractere-nera-con-top-acciaio-1920x1100.jpg 1920w\" sizes=\"(max-width: 1024px) 100vw, 1024px\" \/><\/div><\/figure><\/div><div class=\"eut-slider-item\"><figure><div class=\"eut-media\"><img loading=\"lazy\" decoding=\"async\" width=\"1024\" height=\"587\" src=\"https:\/\/www.molteni.com\/wp-content\/uploads\/2021\/05\/Hotel_VillaFranca_Update-1950x1118-1-1024x587.jpg\" class=\"attachment-large size-large\" alt=\"\" srcset=\"https:\/\/www.molteni.com\/wp-content\/uploads\/2021\/05\/Hotel_VillaFranca_Update-1950x1118-1-1024x587.jpg 1024w, https:\/\/www.molteni.com\/wp-content\/uploads\/2021\/05\/Hotel_VillaFranca_Update-1950x1118-1-300x172.jpg 300w, https:\/\/www.molteni.com\/wp-content\/uploads\/2021\/05\/Hotel_VillaFranca_Update-1950x1118-1-768x440.jpg 768w, https:\/\/www.molteni.com\/wp-content\/uploads\/2021\/05\/Hotel_VillaFranca_Update-1950x1118-1-1536x880.jpg 1536w, https:\/\/www.molteni.com\/wp-content\/uploads\/2021\/05\/Hotel_VillaFranca_Update-1950x1118-1-1920x1100.jpg 1920w\" sizes=\"(max-width: 1024px) 100vw, 1024px\" \/><\/div><\/figure><\/div><div class=\"eut-slider-item\"><figure><div class=\"eut-media\"><img loading=\"lazy\" decoding=\"async\" width=\"1024\" height=\"602\" src=\"https:\/\/www.molteni.com\/wp-content\/uploads\/2021\/05\/Corso_Venezia-1950x1116-1-1024x602.jpg\" class=\"attachment-large size-large\" alt=\"\" srcset=\"https:\/\/www.molteni.com\/wp-content\/uploads\/2021\/05\/Corso_Venezia-1950x1116-1-1024x602.jpg 1024w, https:\/\/www.molteni.com\/wp-content\/uploads\/2021\/05\/Corso_Venezia-1950x1116-1-300x176.jpg 300w, https:\/\/www.molteni.com\/wp-content\/uploads\/2021\/05\/Corso_Venezia-1950x1116-1-768x451.jpg 768w, https:\/\/www.molteni.com\/wp-content\/uploads\/2021\/05\/Corso_Venezia-1950x1116-1-1536x903.jpg 1536w, https:\/\/www.molteni.com\/wp-content\/uploads\/2021\/05\/Corso_Venezia-1950x1116-1-1920x1128.jpg 1920w\" sizes=\"(max-width: 1024px) 100vw, 1024px\" \/><\/div><\/figure><\/div>\t<\/div><\/div>[\/vc_column][\/vc_row][vc_row middle_content=\u00bbyes\u00bb][vc_column width=\u00bb3\/4&#8243;][vc_custom_heading text=\u00bbMOLTENI CARACTE\u0300RE\u00bb font_container=\u00bbtag:h2|text_align:left|color:%23b58d52&#8243; use_theme_fonts=\u00bbyes\u00bb css=\u00bb\u00bb][vc_column_text css=\u00bb\u00bb]<\/p>\n<p style=\"text-align: left;\">La legenda cotinua. Ahora es el tiempo de la evoluci\u00f3n, donde los expertos artesanos que han aprendido durante generaciones conocen la ultima inovaci\u00f3n tecnol\u00f3gica y donde la herencia llega a ser casi inmortal mientras abrazan al futuro. Disfrute sus sentidos. Aqu\u00ed comienza la elaboraci\u00f3n de tu propia molteni hecho a medida y exquisitamente para ti. Deja que estas p\u00e1ginas te inspiren a crear tu propia Molteni, como si compusieras una sinfon\u00eda de colores, sensaciones y emociones. Tradicional o contempor\u00e1nea, tu Molteni siempre ser\u00e1 unica. <strong>Bienvenido a tu sue\u00f1o<\/strong>.<\/p>\n<p>[\/vc_column_text][\/vc_column][vc_column width=\u00bb1\/4&#8243;]<div class=\"eut-element eut-image eut-align-center\" style=\"\"><img loading=\"lazy\" decoding=\"async\" width=\"200\" height=\"88\" src=\"https:\/\/www.molteni.com\/wp-content\/uploads\/2026\/02\/fab_ligne_gauche_rvb-200x88-1.png\" class=\"attachment-medium size-medium\" alt=\"\" \/><\/div>[\/vc_column][\/vc_row][vc_row el_class=\u00bbrow-no-margin\u00bb][vc_column el_class=\u00bbcolumn-link\u00bb][vc_raw_html]JTNDYSUyMGhyZWYlM0QlMjAlMjJodHRwcyUzQSUyRiUyRnd3dy5tb2x0ZW5pLmNvbSUyRmVzJTJGY2FyYWN0ZXJlLWxpbmUta25vYnMlMkYlMjIlMjBjbGFzcyUzRCUyMmNvbHVtbi1saW5rJTIyJTNFJTNDJTJGYSUzRQ==[\/vc_raw_html][\/vc_column][vc_column width=\u00bb1\/2&#8243; el_class=\u00bbbox-grey-text\u00bb][vc_custom_heading text=\u00bbEl aura \u00fanica\u00bb font_container=\u00bbtag:h2|text_align:left|color:%23b58d52&#8243; use_theme_fonts=\u00bbyes\u00bb][vc_column_text]Dise\u00f1o a medida, fabricaci\u00f3n artesanal y acabado exquisito a mano<\/p>\n<p><strong class=\"gold\">Ver m\u00e1s detalles<\/strong>[\/vc_column_text][\/vc_column][vc_column width=\u00bb1\/2&#8243; el_class=\u00bbbox-grey-text\u00bb css=\u00bb.vc_custom_1506441367759{background-image: url(https:\/\/www.molteni.com\/wp-content\/uploads\/2017\/09\/Senza-titolo-1.jpg?id=2613) !important;background-position: center !important;background-repeat: no-repeat !important;background-size: cover !important;}\u00bb][\/vc_column][\/vc_row][vc_row el_class=\u00bbrow-no-margin\u00bb][vc_column el_class=\u00bbcolumn-link\u00bb][vc_raw_html]JTNDYSUyMGhyZWYlM0QlMjAlMjJodHRwcyUzQSUyRiUyRnd3dy5tb2x0ZW5pLmNvbSUyRmVzJTJGZW5hbWVsbGVkLWNvbG9ycyUyRiUyMiUyMGNsYXNzJTNEJTIyY29sdW1uLWxpbmslMjIlM0UlM0MlMkZhJTNF[\/vc_raw_html][\/vc_column][vc_column width=\u00bb1\/2&#8243; el_class=\u00bbbox-grey-text inverti2&#8243; css=\u00bb.vc_custom_1507553830232{background-image: url(https:\/\/www.molteni.com\/wp-content\/uploads\/2017\/09\/A_7152-m-.jpg?id=2586) !important;background-position: center !important;background-repeat: no-repeat !important;background-size: cover !important;}\u00bb][\/vc_column][vc_column width=\u00bb1\/2&#8243; el_class=\u00bbbox-grey-text inverti\u00bb][vc_custom_heading text=\u00bbUn atractivo sin igual para la vista y el tactoLos paneles de acabado de esmalte\u00bb font_container=\u00bbtag:h2|text_align:left|color:%23b58d52&#8243; use_theme_fonts=\u00bbyes\u00bb][vc_column_text]Molteni son la caracter\u00edstica distintiva. Elige tu propio color<\/p>\n<p><strong class=\"gold\">Ver m\u00e1s detalles<\/strong>[\/vc_column_text][\/vc_column][\/vc_row][vc_row desktop_visibility=\u00bbhide\u00bb tablet_visibility=\u00bbhide\u00bb tablet_sm_visibility=\u00bbhide\u00bb mobile_visibility=\u00bbhide\u00bb el_class=\u00bbrow-no-margin\u00bb][vc_column el_class=\u00bbcolumn-link\u00bb][vc_raw_html]JTNDYSUyMGhyZWYlM0QlMjAlMjJodHRwcyUzQSUyRiUyRnd3dy5tb2x0ZW5pLmNvbSUyRmVzJTJGZGVjb3IlMkYlMjIlMjBjbGFzcyUzRCUyMmNvbHVtbi1saW5rJTIyJTNFJTNDJTJGYSUzRQ==[\/vc_raw_html][\/vc_column][vc_column width=\u00bb1\/2&#8243; el_class=\u00bbbox-grey-text\u00bb][vc_custom_heading text=\u00bbNuevos frontales en forma\u00bb font_container=\u00bbtag:h2|text_align:left|color:%23b58d52&#8243; use_theme_fonts=\u00bbyes\u00bb][vc_column_text]Acabado Molteni Contempo: Estilo \u00fanico.<\/p>\n<p><strong class=\"gold\">Ver m\u00e1s detalles<\/strong>[\/vc_column_text][\/vc_column][vc_column width=\u00bb1\/2&#8243; el_class=\u00bbbox-grey-text\u00bb css=\u00bb.vc_custom_1506440209819{background-image: url(https:\/\/www.molteni.com\/wp-content\/uploads\/2017\/09\/L4A4832.jpg?id=2610) !important;background-position: center !important;background-repeat: no-repeat !important;background-size: cover !important;}\u00bb][\/vc_column][\/vc_row][vc_row][vc_column width=\u00bb1\/2&#8243; el_class=\u00bbbox-grey-text inverti\u00bb][vc_custom_heading text=\u00bbEl peso de la tradici\u00f3n: las alas del futuro\u00bb font_container=\u00bbtag:h2|text_align:left|color:%23b58d52&#8243; use_theme_fonts=\u00bbyes\u00bb][vc_column_text]Solo los mejores chefs saben c\u00f3mo combinar simplicidad y arte, pasado y futuro, artesan\u00eda y ciencia.[\/vc_column_text][\/vc_column][vc_column width=\u00bb1\/2&#8243; el_class=\u00bbbox-grey-text inverti2&#8243; css=\u00bb.vc_custom_1507553844644{background-image: url(https:\/\/www.molteni.com\/wp-content\/uploads\/2017\/09\/91B7937.jpg?id=2612) !important;background-position: center !important;background-repeat: no-repeat !important;background-size: cover !important;}\u00bb][\/vc_column][\/vc_row][vc_row section_type=\u00bbfullwidth-element\u00bb padding_top=\u00bb0&#8243; padding_bottom=\u00bb0&#8243; margin_bottom=\u00bb0&#8243; el_class=\u00bbrow-no-margin\u00bb][vc_column]<div class=\"eut-element eut-hr \" style=\"\"><div class=\"eut-line-divider\"><\/div><\/div>[\/vc_column][\/vc_row]<\/p>\n<\/div>","protected":false},"excerpt":{"rendered":"<p>[vc_row][vc_column][\/vc_column][\/vc_row][vc_row middle_content=\u00bbyes\u00bb][vc_column width=\u00bb3\/4&#8243;][vc_custom_heading text=\u00bbMOLTENI CARACTE\u0300RE\u00bb font_container=\u00bbtag:h2|text_align:left|color:%23b58d52&#8243; use_theme_fonts=\u00bbyes\u00bb css=\u00bb\u00bb][vc_column_text css=\u00bb\u00bb] La legenda cotinua. Ahora es el tiempo de la evoluci\u00f3n, donde los expertos artesanos que han aprendido durante generaciones conocen la ultima inovaci\u00f3n tecnol\u00f3gica y donde la herencia llega a ser casi inmortal mientras abrazan al futuro. Disfrute sus sentidos. Aqu\u00ed comienza la elaboraci\u00f3n de tu [&hellip;]<\/p>\n","protected":false},"author":1,"featured_media":0,"parent":0,"menu_order":0,"comment_status":"closed","ping_status":"closed","template":"","meta":{"_acf_changed":false,"inline_featured_image":false,"footnotes":""},"acf":[],"yoast_head":"<!-- This site is optimized with the Yoast SEO plugin v25.4 - https:\/\/yoast.com\/wordpress\/plugins\/seo\/ -->\n<title>Caract\u00e8re line - Molteni<\/title>\n<meta name=\"robots\" content=\"index, follow, max-snippet:-1, max-image-preview:large, max-video-preview:-1\" \/>\n<link rel=\"canonical\" href=\"https:\/\/www.molteni.com\/es\/caractere-line\/\" \/>\n<meta property=\"og:locale\" content=\"es_ES\" \/>\n<meta property=\"og:type\" content=\"article\" \/>\n<meta property=\"og:title\" content=\"Caract\u00e8re line - Molteni\" \/>\n<meta property=\"og:description\" content=\"[vc_row][vc_column][\/vc_column][\/vc_row][vc_row middle_content=\u00bbyes\u00bb][vc_column width=\u00bb3\/4&#8243;][vc_custom_heading text=\u00bbMOLTENI CARACTE\u0300RE\u00bb font_container=\u00bbtag:h2|text_align:left|color:%23b58d52&#8243; use_theme_fonts=\u00bbyes\u00bb css=\u00bb\u00bb][vc_column_text css=\u00bb\u00bb] La legenda cotinua. Ahora es el tiempo de la evoluci\u00f3n, donde los expertos artesanos que han aprendido durante generaciones conocen la ultima inovaci\u00f3n tecnol\u00f3gica y donde la herencia llega a ser casi inmortal mientras abrazan al futuro. Disfrute sus sentidos. Aqu\u00ed comienza la elaboraci\u00f3n de tu [&hellip;]\" \/>\n<meta property=\"og:url\" content=\"https:\/\/www.molteni.com\/es\/caractere-line\/\" \/>\n<meta property=\"og:site_name\" content=\"Molteni\" \/>\n<meta property=\"article:modified_time\" content=\"2026-02-25T13:29:31+00:00\" \/>\n<meta name=\"twitter:card\" content=\"summary_large_image\" \/>\n<meta name=\"twitter:label1\" content=\"Tiempo de lectura\" \/>\n\t<meta name=\"twitter:data1\" content=\"2 minutos\" \/>\n<script type=\"application\/ld+json\" class=\"yoast-schema-graph\">{\"@context\":\"https:\/\/schema.org\",\"@graph\":[{\"@type\":\"WebPage\",\"@id\":\"https:\/\/www.molteni.com\/es\/caractere-line\/\",\"url\":\"https:\/\/www.molteni.com\/es\/caractere-line\/\",\"name\":\"Caract\u00e8re line - Molteni\",\"isPartOf\":{\"@id\":\"https:\/\/www.molteni.com\/#website\"},\"datePublished\":\"2017-09-26T15:21:00+00:00\",\"dateModified\":\"2026-02-25T13:29:31+00:00\",\"breadcrumb\":{\"@id\":\"https:\/\/www.molteni.com\/es\/caractere-line\/#breadcrumb\"},\"inLanguage\":\"es\",\"potentialAction\":[{\"@type\":\"ReadAction\",\"target\":[\"https:\/\/www.molteni.com\/es\/caractere-line\/\"]}]},{\"@type\":\"BreadcrumbList\",\"@id\":\"https:\/\/www.molteni.com\/es\/caractere-line\/#breadcrumb\",\"itemListElement\":[{\"@type\":\"ListItem\",\"position\":1,\"name\":\"Home\",\"item\":\"https:\/\/www.molteni.com\/es\/\"},{\"@type\":\"ListItem\",\"position\":2,\"name\":\"Caract\u00e8re line\"}]},{\"@type\":\"WebSite\",\"@id\":\"https:\/\/www.molteni.com\/#website\",\"url\":\"https:\/\/www.molteni.com\/\",\"name\":\"Molteni\",\"description\":\"Luxury Professional Stoves\",\"potentialAction\":[{\"@type\":\"SearchAction\",\"target\":{\"@type\":\"EntryPoint\",\"urlTemplate\":\"https:\/\/www.molteni.com\/?s={search_term_string}\"},\"query-input\":{\"@type\":\"PropertyValueSpecification\",\"valueRequired\":true,\"valueName\":\"search_term_string\"}}],\"inLanguage\":\"es\"}]}<\/script>\n<!-- \/ Yoast SEO plugin. -->","yoast_head_json":{"title":"Caract\u00e8re line - Molteni","robots":{"index":"index","follow":"follow","max-snippet":"max-snippet:-1","max-image-preview":"max-image-preview:large","max-video-preview":"max-video-preview:-1"},"canonical":"https:\/\/www.molteni.com\/es\/caractere-line\/","og_locale":"es_ES","og_type":"article","og_title":"Caract\u00e8re line - Molteni","og_description":"[vc_row][vc_column][\/vc_column][\/vc_row][vc_row middle_content=\u00bbyes\u00bb][vc_column width=\u00bb3\/4&#8243;][vc_custom_heading text=\u00bbMOLTENI CARACTE\u0300RE\u00bb font_container=\u00bbtag:h2|text_align:left|color:%23b58d52&#8243; use_theme_fonts=\u00bbyes\u00bb css=\u00bb\u00bb][vc_column_text css=\u00bb\u00bb] La legenda cotinua. Ahora es el tiempo de la evoluci\u00f3n, donde los expertos artesanos que han aprendido durante generaciones conocen la ultima inovaci\u00f3n tecnol\u00f3gica y donde la herencia llega a ser casi inmortal mientras abrazan al futuro. Disfrute sus sentidos. Aqu\u00ed comienza la elaboraci\u00f3n de tu [&hellip;]","og_url":"https:\/\/www.molteni.com\/es\/caractere-line\/","og_site_name":"Molteni","article_modified_time":"2026-02-25T13:29:31+00:00","twitter_card":"summary_large_image","twitter_misc":{"Tiempo de lectura":"2 minutos"},"schema":{"@context":"https:\/\/schema.org","@graph":[{"@type":"WebPage","@id":"https:\/\/www.molteni.com\/es\/caractere-line\/","url":"https:\/\/www.molteni.com\/es\/caractere-line\/","name":"Caract\u00e8re line - Molteni","isPartOf":{"@id":"https:\/\/www.molteni.com\/#website"},"datePublished":"2017-09-26T15:21:00+00:00","dateModified":"2026-02-25T13:29:31+00:00","breadcrumb":{"@id":"https:\/\/www.molteni.com\/es\/caractere-line\/#breadcrumb"},"inLanguage":"es","potentialAction":[{"@type":"ReadAction","target":["https:\/\/www.molteni.com\/es\/caractere-line\/"]}]},{"@type":"BreadcrumbList","@id":"https:\/\/www.molteni.com\/es\/caractere-line\/#breadcrumb","itemListElement":[{"@type":"ListItem","position":1,"name":"Home","item":"https:\/\/www.molteni.com\/es\/"},{"@type":"ListItem","position":2,"name":"Caract\u00e8re line"}]},{"@type":"WebSite","@id":"https:\/\/www.molteni.com\/#website","url":"https:\/\/www.molteni.com\/","name":"Molteni","description":"Luxury Professional Stoves","potentialAction":[{"@type":"SearchAction","target":{"@type":"EntryPoint","urlTemplate":"https:\/\/www.molteni.com\/?s={search_term_string}"},"query-input":{"@type":"PropertyValueSpecification","valueRequired":true,"valueName":"search_term_string"}}],"inLanguage":"es"}]}},"_links":{"self":[{"href":"https:\/\/www.molteni.com\/es\/wp-json\/wp\/v2\/pages\/3197"}],"collection":[{"href":"https:\/\/www.molteni.com\/es\/wp-json\/wp\/v2\/pages"}],"about":[{"href":"https:\/\/www.molteni.com\/es\/wp-json\/wp\/v2\/types\/page"}],"author":[{"embeddable":true,"href":"https:\/\/www.molteni.com\/es\/wp-json\/wp\/v2\/users\/1"}],"replies":[{"embeddable":true,"href":"https:\/\/www.molteni.com\/es\/wp-json\/wp\/v2\/comments?post=3197"}],"version-history":[{"count":12,"href":"https:\/\/www.molteni.com\/es\/wp-json\/wp\/v2\/pages\/3197\/revisions"}],"predecessor-version":[{"id":3300,"href":"https:\/\/www.molteni.com\/es\/wp-json\/wp\/v2\/pages\/3197\/revisions\/3300"}],"wp:attachment":[{"href":"https:\/\/www.molteni.com\/es\/wp-json\/wp\/v2\/media?parent=3197"}],"curies":[{"name":"wp","href":"https:\/\/api.w.org\/{rel}","templated":true}]}}