{"id":3188,"date":"2017-09-21T08:33:27","date_gmt":"2017-09-21T08:33:27","guid":{"rendered":"https:\/\/www.molteni.com\/1923-line\/"},"modified":"2026-02-25T13:29:41","modified_gmt":"2026-02-25T13:29:41","slug":"1923-line","status":"publish","type":"page","link":"https:\/\/www.molteni.com\/es\/1923-line\/","title":{"rendered":"1923 line"},"content":{"rendered":"<div class=\"wpb-content-wrapper\"><p>[vc_row][vc_column el_class=\u00bbbox-grey-slide\u00bb css=\u00bb.vc_custom_1507123260421{background-image: url(https:\/\/www.molteni.com\/wp-content\/uploads\/2017\/09\/molteni_1923-1024&#215;887.jpg?id=2590) !important;background-position: center !important;background-repeat: no-repeat !important;background-size: cover !important;}\u00bb][\/vc_column][\/vc_row][vc_row middle_content=\u00bbyes\u00bb][vc_column width=\u00bb3\/4&#8243;][vc_custom_heading text=\u00bbMOLTENI 1923&#8243; font_container=\u00bbtag:h2|text_align:left|color:%23b58d52&#8243; use_theme_fonts=\u00bbyes\u00bb css=\u00bb\u00bb][vc_column_text css=\u00bb\u00bb]<\/p>\n<p class=\"p1\" style=\"text-align: left;\">Una leyenda que naci\u00f3 en 1923. Desde sus comienzos Molteni pronto se convirti\u00f3 en la cocina preferida por grandes chefs que vieron y se enamoraron de las creaciones hechas a mano en un peque\u00f1o taller artesanal en Saint-uze, Francia. Cada cocina fue hecha a medida con cari\u00f1o y d\u00e1ndole su propia personalidad, su propia alma y para cumplir los deseos precisos de su nuevo due\u00f1o. La gama de cocinas hechas a mano que a\u00fan hoy adornan las cocinas m\u00e1s famosas del mundo, adornan las residencias privadas m\u00e1s exclusivas y en las que los mejores chefs con estrellas Michelin eligen su desempe\u00f1o m\u00e1s creativo.<br \/>\n<strong>Cada Molteni tiene una historia, una historia que es solo tuya. <\/strong><\/p>\n<p>[\/vc_column_text][\/vc_column][vc_column width=\u00bb1\/4&#8243;]<div class=\"eut-element eut-image eut-align-center\" style=\"\"><img loading=\"lazy\" decoding=\"async\" width=\"200\" height=\"88\" src=\"https:\/\/www.molteni.com\/wp-content\/uploads\/2026\/02\/fab_ligne_gauche_rvb-200x88-1.png\" class=\"attachment-medium size-medium\" alt=\"\" \/><\/div>[\/vc_column][\/vc_row][vc_row section_id=\u00bb1923-line-knobs\u00bb el_class=\u00bbrow-no-margin\u00bb][vc_column el_class=\u00bbcolumn-link\u00bb][vc_raw_html]JTNDYSUyMGhyZWYlM0QlMjAlMjJodHRwcyUzQSUyRiUyRnd3dy5tb2x0ZW5pLmNvbSUyRmVzJTJGMTkyMy1saW5lLWtub2JzJTJGJTIyJTIwY2xhc3MlM0QlMjJjb2x1bW4tbGluayUyMiUzRSUzQyUyRmElM0U=[\/vc_raw_html][\/vc_column][vc_column width=\u00bb1\/2&#8243; el_class=\u00bbbox-grey-text\u00bb][vc_custom_heading text=\u00bb250 gramos de Herencia\u00bb font_container=\u00bbtag:h2|text_align:left|color:%23b58d52&#8243; use_theme_fonts=\u00bbyes\u00bb][vc_column_text]Cada Molteni esta hecha para dar al usuario la posibilidad del lujo incomparable de poseer algo realmente \u00fanico<\/p>\n<p><strong class=\"gold\">Ver m\u00e1s detalles<\/strong>[\/vc_column_text][\/vc_column][vc_column width=\u00bb1\/2&#8243; css=\u00bb.vc_custom_1506352854176{background-image: url(https:\/\/www.molteni.com\/wp-content\/uploads\/2017\/09\/molteni-knob.jpg?id=2584) !important;background-position: center !important;background-repeat: no-repeat !important;background-size: cover !important;}\u00bb el_class=\u00bbbox-grey-text\u00bb][\/vc_column][\/vc_row][vc_row el_class=\u00bbrow-no-margin\u00bb][vc_column el_class=\u00bbcolumn-link\u00bb][vc_raw_html]JTNDYSUyMGhyZWYlM0QlMjAlMjJodHRwcyUzQSUyRiUyRnd3dy5tb2x0ZW5pLmNvbSUyRmVzJTJGZW5hbWVsbGVkLWNvbG9ycyUyRiUyMiUyMGNsYXNzJTNEJTIyY29sdW1uLWxpbmslMjIlM0UlM0MlMkZhJTNF[\/vc_raw_html][\/vc_column][vc_column width=\u00bb1\/2&#8243; css=\u00bb.vc_custom_1507553769571{background-image: url(https:\/\/www.molteni.com\/wp-content\/uploads\/2017\/09\/A_7152-m-.jpg?id=2586) !important;background-position: center !important;background-repeat: no-repeat !important;background-size: cover !important;}\u00bb el_class=\u00bbbox-grey-text inverti2&#8243;][\/vc_column][vc_column width=\u00bb1\/2&#8243; el_class=\u00bbbox-grey-text inverti\u00bb][vc_custom_heading text=\u00bbUn atractivo sin igual para la vista y el tacto\u00bb font_container=\u00bbtag:h2|text_align:left|color:%23b58d52&#8243; use_theme_fonts=\u00bbyes\u00bb][vc_column_text]Los paneles de acabado de esmalte de Molteni son la caracter\u00edstica distintiva. Elige tu propio color<\/p>\n<p><strong class=\"gold\">Ver m\u00e1s detalles<\/strong>[\/vc_column_text][\/vc_column][\/vc_row][vc_row][vc_column el_class=\u00bbcolumn-link\u00bb][vc_column_text el_class=\u00bbcolum-link\u00bb]<a href=\"https:\/\/www.molteni.com\/wp-content\/uploads\/2016\/02\/Molteni-Finishing-Guide-A4-EN_20240919-LR.pdf\" class=\"column-link ga-event-pdf-link\" data-ga-link=\"https:\/\/www.molteni.com\/wp-content\/uploads\/2016\/02\/Molteni-Finishing-Guide-A4-EN_20240919-LR.pdf\" target=\"_blank\"><\/a>[\/vc_column_text][\/vc_column][vc_column width=\u00bb1\/2&#8243; el_class=\u00bbbox-grey-text\u00bb][vc_custom_heading text=\u00bbVer m\u00e1s detalles\u00bb font_container=\u00bbtag:h2|text_align:left|color:%23b58d52&#8243; use_theme_fonts=\u00bbyes\u00bb][vc_column_text]Cada caracter\u00edstica de tu Molteni es extraordinaria y dise\u00f1ada para durar en el tiempo.<\/p>\n<p><strong class=\"gold\">Ver m\u00e1s detalles<\/strong>[\/vc_column_text][\/vc_column][vc_column width=\u00bb1\/2&#8243; css=\u00bb.vc_custom_1506353812636{background-image: url(https:\/\/www.molteni.com\/wp-content\/uploads\/2017\/09\/trims.jpg?id=2588) !important;background-position: center !important;background-repeat: no-repeat !important;background-size: cover !important;}\u00bb el_class=\u00bbbox-grey-text\u00bb][\/vc_column][\/vc_row][vc_row section_type=\u00bbfullwidth-element\u00bb padding_top=\u00bb0&#8243; padding_bottom=\u00bb0&#8243; margin_bottom=\u00bb0&#8243;][vc_column]<div class=\"eut-element eut-hr \" style=\"\"><div class=\"eut-line-divider\"><\/div><\/div>[\/vc_column][\/vc_row]<\/p>\n<\/div>","protected":false},"excerpt":{"rendered":"<p>[vc_row][vc_column el_class=\u00bbbox-grey-slide\u00bb css=\u00bb.vc_custom_1507123260421{background-image: url(https:\/\/www.molteni.com\/wp-content\/uploads\/2017\/09\/molteni_1923-1024&#215;887.jpg?id=2590) !important;background-position: center !important;background-repeat: no-repeat !important;background-size: cover !important;}\u00bb][\/vc_column][\/vc_row][vc_row middle_content=\u00bbyes\u00bb][vc_column width=\u00bb3\/4&#8243;][vc_custom_heading text=\u00bbMOLTENI 1923&#8243; font_container=\u00bbtag:h2|text_align:left|color:%23b58d52&#8243; use_theme_fonts=\u00bbyes\u00bb css=\u00bb\u00bb][vc_column_text css=\u00bb\u00bb] Una leyenda que naci\u00f3 en 1923. Desde sus comienzos Molteni pronto se convirti\u00f3 en la cocina preferida por grandes chefs que vieron y se enamoraron de las creaciones hechas a mano en un peque\u00f1o taller artesanal [&hellip;]<\/p>\n","protected":false},"author":1,"featured_media":0,"parent":0,"menu_order":0,"comment_status":"closed","ping_status":"closed","template":"","meta":{"_acf_changed":false,"inline_featured_image":false,"footnotes":""},"acf":[],"yoast_head":"<!-- This site is optimized with the Yoast SEO plugin v25.4 - https:\/\/yoast.com\/wordpress\/plugins\/seo\/ -->\n<title>1923 line - Molteni<\/title>\n<meta name=\"robots\" content=\"index, follow, max-snippet:-1, max-image-preview:large, max-video-preview:-1\" \/>\n<link rel=\"canonical\" href=\"https:\/\/www.molteni.com\/es\/1923-line\/\" \/>\n<meta property=\"og:locale\" content=\"es_ES\" \/>\n<meta property=\"og:type\" content=\"article\" \/>\n<meta property=\"og:title\" content=\"1923 line - Molteni\" \/>\n<meta property=\"og:description\" content=\"[vc_row][vc_column el_class=\u00bbbox-grey-slide\u00bb css=\u00bb.vc_custom_1507123260421{background-image: url(https:\/\/www.molteni.com\/wp-content\/uploads\/2017\/09\/molteni_1923-1024&#215;887.jpg?id=2590) !important;background-position: center !important;background-repeat: no-repeat !important;background-size: cover !important;}\u00bb][\/vc_column][\/vc_row][vc_row middle_content=\u00bbyes\u00bb][vc_column width=\u00bb3\/4&#8243;][vc_custom_heading text=\u00bbMOLTENI 1923&#8243; font_container=\u00bbtag:h2|text_align:left|color:%23b58d52&#8243; use_theme_fonts=\u00bbyes\u00bb css=\u00bb\u00bb][vc_column_text css=\u00bb\u00bb] Una leyenda que naci\u00f3 en 1923. Desde sus comienzos Molteni pronto se convirti\u00f3 en la cocina preferida por grandes chefs que vieron y se enamoraron de las creaciones hechas a mano en un peque\u00f1o taller artesanal [&hellip;]\" \/>\n<meta property=\"og:url\" content=\"https:\/\/www.molteni.com\/es\/1923-line\/\" \/>\n<meta property=\"og:site_name\" content=\"Molteni\" \/>\n<meta property=\"article:modified_time\" content=\"2026-02-25T13:29:41+00:00\" \/>\n<meta name=\"twitter:card\" content=\"summary_large_image\" \/>\n<meta name=\"twitter:label1\" content=\"Tiempo de lectura\" \/>\n\t<meta name=\"twitter:data1\" content=\"2 minutos\" \/>\n<script type=\"application\/ld+json\" class=\"yoast-schema-graph\">{\"@context\":\"https:\/\/schema.org\",\"@graph\":[{\"@type\":\"WebPage\",\"@id\":\"https:\/\/www.molteni.com\/es\/1923-line\/\",\"url\":\"https:\/\/www.molteni.com\/es\/1923-line\/\",\"name\":\"1923 line - Molteni\",\"isPartOf\":{\"@id\":\"https:\/\/www.molteni.com\/#website\"},\"datePublished\":\"2017-09-21T08:33:27+00:00\",\"dateModified\":\"2026-02-25T13:29:41+00:00\",\"breadcrumb\":{\"@id\":\"https:\/\/www.molteni.com\/es\/1923-line\/#breadcrumb\"},\"inLanguage\":\"es\",\"potentialAction\":[{\"@type\":\"ReadAction\",\"target\":[\"https:\/\/www.molteni.com\/es\/1923-line\/\"]}]},{\"@type\":\"BreadcrumbList\",\"@id\":\"https:\/\/www.molteni.com\/es\/1923-line\/#breadcrumb\",\"itemListElement\":[{\"@type\":\"ListItem\",\"position\":1,\"name\":\"Home\",\"item\":\"https:\/\/www.molteni.com\/es\/\"},{\"@type\":\"ListItem\",\"position\":2,\"name\":\"1923 line\"}]},{\"@type\":\"WebSite\",\"@id\":\"https:\/\/www.molteni.com\/#website\",\"url\":\"https:\/\/www.molteni.com\/\",\"name\":\"Molteni\",\"description\":\"Luxury Professional Stoves\",\"potentialAction\":[{\"@type\":\"SearchAction\",\"target\":{\"@type\":\"EntryPoint\",\"urlTemplate\":\"https:\/\/www.molteni.com\/?s={search_term_string}\"},\"query-input\":{\"@type\":\"PropertyValueSpecification\",\"valueRequired\":true,\"valueName\":\"search_term_string\"}}],\"inLanguage\":\"es\"}]}<\/script>\n<!-- \/ Yoast SEO plugin. -->","yoast_head_json":{"title":"1923 line - Molteni","robots":{"index":"index","follow":"follow","max-snippet":"max-snippet:-1","max-image-preview":"max-image-preview:large","max-video-preview":"max-video-preview:-1"},"canonical":"https:\/\/www.molteni.com\/es\/1923-line\/","og_locale":"es_ES","og_type":"article","og_title":"1923 line - Molteni","og_description":"[vc_row][vc_column el_class=\u00bbbox-grey-slide\u00bb css=\u00bb.vc_custom_1507123260421{background-image: url(https:\/\/www.molteni.com\/wp-content\/uploads\/2017\/09\/molteni_1923-1024&#215;887.jpg?id=2590) !important;background-position: center !important;background-repeat: no-repeat !important;background-size: cover !important;}\u00bb][\/vc_column][\/vc_row][vc_row middle_content=\u00bbyes\u00bb][vc_column width=\u00bb3\/4&#8243;][vc_custom_heading text=\u00bbMOLTENI 1923&#8243; font_container=\u00bbtag:h2|text_align:left|color:%23b58d52&#8243; use_theme_fonts=\u00bbyes\u00bb css=\u00bb\u00bb][vc_column_text css=\u00bb\u00bb] Una leyenda que naci\u00f3 en 1923. Desde sus comienzos Molteni pronto se convirti\u00f3 en la cocina preferida por grandes chefs que vieron y se enamoraron de las creaciones hechas a mano en un peque\u00f1o taller artesanal [&hellip;]","og_url":"https:\/\/www.molteni.com\/es\/1923-line\/","og_site_name":"Molteni","article_modified_time":"2026-02-25T13:29:41+00:00","twitter_card":"summary_large_image","twitter_misc":{"Tiempo de lectura":"2 minutos"},"schema":{"@context":"https:\/\/schema.org","@graph":[{"@type":"WebPage","@id":"https:\/\/www.molteni.com\/es\/1923-line\/","url":"https:\/\/www.molteni.com\/es\/1923-line\/","name":"1923 line - Molteni","isPartOf":{"@id":"https:\/\/www.molteni.com\/#website"},"datePublished":"2017-09-21T08:33:27+00:00","dateModified":"2026-02-25T13:29:41+00:00","breadcrumb":{"@id":"https:\/\/www.molteni.com\/es\/1923-line\/#breadcrumb"},"inLanguage":"es","potentialAction":[{"@type":"ReadAction","target":["https:\/\/www.molteni.com\/es\/1923-line\/"]}]},{"@type":"BreadcrumbList","@id":"https:\/\/www.molteni.com\/es\/1923-line\/#breadcrumb","itemListElement":[{"@type":"ListItem","position":1,"name":"Home","item":"https:\/\/www.molteni.com\/es\/"},{"@type":"ListItem","position":2,"name":"1923 line"}]},{"@type":"WebSite","@id":"https:\/\/www.molteni.com\/#website","url":"https:\/\/www.molteni.com\/","name":"Molteni","description":"Luxury Professional Stoves","potentialAction":[{"@type":"SearchAction","target":{"@type":"EntryPoint","urlTemplate":"https:\/\/www.molteni.com\/?s={search_term_string}"},"query-input":{"@type":"PropertyValueSpecification","valueRequired":true,"valueName":"search_term_string"}}],"inLanguage":"es"}]}},"_links":{"self":[{"href":"https:\/\/www.molteni.com\/es\/wp-json\/wp\/v2\/pages\/3188"}],"collection":[{"href":"https:\/\/www.molteni.com\/es\/wp-json\/wp\/v2\/pages"}],"about":[{"href":"https:\/\/www.molteni.com\/es\/wp-json\/wp\/v2\/types\/page"}],"author":[{"embeddable":true,"href":"https:\/\/www.molteni.com\/es\/wp-json\/wp\/v2\/users\/1"}],"replies":[{"embeddable":true,"href":"https:\/\/www.molteni.com\/es\/wp-json\/wp\/v2\/comments?post=3188"}],"version-history":[{"count":15,"href":"https:\/\/www.molteni.com\/es\/wp-json\/wp\/v2\/pages\/3188\/revisions"}],"predecessor-version":[{"id":3294,"href":"https:\/\/www.molteni.com\/es\/wp-json\/wp\/v2\/pages\/3188\/revisions\/3294"}],"wp:attachment":[{"href":"https:\/\/www.molteni.com\/es\/wp-json\/wp\/v2\/media?parent=3188"}],"curies":[{"name":"wp","href":"https:\/\/api.w.org\/{rel}","templated":true}]}}