{"id":3182,"date":"2016-02-23T17:05:48","date_gmt":"2016-02-23T17:05:48","guid":{"rendered":"https:\/\/www.molteni.com\/brochure\/"},"modified":"2026-04-09T13:33:57","modified_gmt":"2026-04-09T13:33:57","slug":"brochure","status":"publish","type":"page","link":"https:\/\/www.molteni.com\/es\/brochure\/","title":{"rendered":"CAT\u00c1LOGO"},"content":{"rendered":"<div class=\"wpb-content-wrapper\"><p>[vc_row flex_height=\u00bbyes\u00bb middle_content=\u00bbyes\u00bb padding_bottom=\u00bb0px\u00bb padding_top=\u00bb0px\u00bb el_class=\u00bbrow-no-margin\u00bb][vc_column width=\u00bb1\/2&#8243; el_class=\u00bbinverti\u00bb][vc_custom_heading text=\u00bbMOLTENI CARACTE\u0300RE\u00bb font_container=\u00bbtag:h1|text_align:left\u00bb use_theme_fonts=\u00bbyes\u00bb][vc_column_text]La leyenda contin\u00faa Ahora es un momento de evoluci\u00f3n, cuando la experiencia artesanal aprendida a lo largo de las generaciones se encuentra con lo \u00faltimo en innovaci\u00f3n tecnol\u00f3gica y cuando el patrimonio se vuelve casi inmortal al abarcar el futuro.<\/p>\n<p><a href=\"https:\/\/www.molteni.com\/wp-content\/uploads\/2016\/02\/Molteni-Caractere-English.pdf\" target=\"_blank\" rel=\"noopener\">Download brochure<\/a>[\/vc_column_text][\/vc_column][vc_column width=\u00bb1\/2&#8243; el_class=\u00bbbox-grey-text inverti2&#8243; css=\u00bb.vc_custom_1512642720586{background-image: url(https:\/\/www.molteni.com\/wp-content\/uploads\/2016\/02\/O7DB7Z1-1024&#215;585.jpg?id=3020) !important;background-position: center !important;background-repeat: no-repeat !important;background-size: cover !important;}\u00bb][\/vc_column][\/vc_row][vc_row flex_height=\u00bbyes\u00bb middle_content=\u00bbyes\u00bb el_class=\u00bbrow-no-margin\u00bb][vc_column width=\u00bb1\/2&#8243; css=\u00bb.vc_custom_1508255810110{background-image: url(https:\/\/www.molteni.com\/wp-content\/uploads\/2016\/02\/brochure2-be-part-of-the-legend.jpg?id=2203) !important;background-position: center !important;background-repeat: no-repeat !important;background-size: cover !important;}\u00bb el_class=\u00bbbox-grey-text inverti2&#8243;][\/vc_column][vc_column width=\u00bb1\/2&#8243; el_class=\u00bbinverti\u00bb][vc_custom_heading text=\u00bbSE PARTE DE LA LEYENDA\u00bb font_container=\u00bbtag:h1|text_align:left\u00bb use_theme_fonts=\u00bbyes\u00bb][vc_column_text css=\u00bb\u00bb]Una colecci\u00f3n de las m\u00e1s bellas cocinas Molteni a medida. Hemos creado estas soluciones \u00fanicas hechas a medida para los chefs durante casi 90 a\u00f1os.<\/p>\n<p><a href=\"https:\/\/www.molteni.com\/wp-content\/uploads\/2016\/02\/MOL-CollectionBook-VOLUME-2020-2025-EN-20260327_LR.pdf\" target=\"_blank\" rel=\"noopener\">Download book 2020-2025<\/a><br \/>\n<a href=\"https:\/\/www.molteni.com\/wp-content\/uploads\/2016\/02\/MOL-CollectionBook-VOLUME-2010-2019-EN-20231228-LR-1.pdf\" target=\"_blank\" rel=\"noopener\">Download book 2010-2019<\/a><br \/>\n<a href=\"https:\/\/www.molteni.com\/wp-content\/uploads\/2016\/02\/MOL-CollectionBook-VOLUME-2000-2009-EN-20231228-LR-1.pdf\" target=\"_blank\" rel=\"noopener\">Download book 2000-2009<\/a>[\/vc_column_text][\/vc_column][\/vc_row][vc_row flex_height=\u00bbyes\u00bb middle_content=\u00bbyes\u00bb el_class=\u00bbrow-no-margin\u00bb][vc_column width=\u00bb1\/2&#8243;][vc_custom_heading text=\u00bbLA FUERZA DE LA TRADICION\u00bb font_container=\u00bbtag:h1|text_align:left\u00bb use_theme_fonts=\u00bbyes\u00bb link=\u00bburl:https%3A%2F%2Fwww.molteni.com%2Fwp-content%2Fuploads%2F2016%2F02%2FMolteni-Finishing-Guide-A4-EN_20240919-LR.pdf\u00bb][vc_column_text css=\u00bb\u00bb]Cada caracter\u00edstica de su Molteni es extraordinaria y est\u00e1 hecha para durar en el tiempo.<\/p>\n<p><a href=\"https:\/\/www.molteni.com\/wp-content\/uploads\/2016\/02\/BR_BR-9JM00207_1_2_1_10_Molteni-Finishing-Guide-A4-EN_20260202_LR.pdf\">Download brochure<\/a>[\/vc_column_text][\/vc_column][vc_column width=\u00bb1\/2&#8243; el_class=\u00bbbox-grey-text\u00bb css=\u00bb.vc_custom_1623062679504{background-image: url(https:\/\/www.molteni.com\/wp-content\/uploads\/2021\/06\/molteni_finishing_22-23.jpg?id=8379) !important;background-position: center !important;background-repeat: no-repeat !important;background-size: cover !important;}\u00bb][\/vc_column][\/vc_row][vc_row section_type=\u00bbfullwidth-element\u00bb el_class=\u00bbrow-no-margin\u00bb][vc_column][vc_empty_space height=\u00bb30px\u00bb]<div class=\"eut-element eut-hr \" style=\"\"><div class=\"eut-line-divider\"><\/div><\/div>[\/vc_column][\/vc_row]<\/p>\n<\/div>","protected":false},"excerpt":{"rendered":"<p>[vc_row flex_height=\u00bbyes\u00bb middle_content=\u00bbyes\u00bb padding_bottom=\u00bb0px\u00bb padding_top=\u00bb0px\u00bb el_class=\u00bbrow-no-margin\u00bb][vc_column width=\u00bb1\/2&#8243; el_class=\u00bbinverti\u00bb][vc_custom_heading text=\u00bbMOLTENI CARACTE\u0300RE\u00bb font_container=\u00bbtag:h1|text_align:left\u00bb use_theme_fonts=\u00bbyes\u00bb][vc_column_text]La leyenda contin\u00faa Ahora es un momento de evoluci\u00f3n, cuando la experiencia artesanal aprendida a lo largo de las generaciones se encuentra con lo \u00faltimo en innovaci\u00f3n tecnol\u00f3gica y cuando el patrimonio se vuelve casi inmortal al abarcar el futuro. Download brochure[\/vc_column_text][\/vc_column][vc_column width=\u00bb1\/2&#8243; el_class=\u00bbbox-grey-text [&hellip;]<\/p>\n","protected":false},"author":1,"featured_media":0,"parent":0,"menu_order":0,"comment_status":"closed","ping_status":"closed","template":"","meta":{"_acf_changed":false,"inline_featured_image":false,"footnotes":""},"acf":[],"yoast_head":"<!-- This site is optimized with the Yoast SEO plugin v25.4 - https:\/\/yoast.com\/wordpress\/plugins\/seo\/ -->\n<title>CAT\u00c1LOGO - Molteni<\/title>\n<meta name=\"robots\" content=\"index, follow, max-snippet:-1, max-image-preview:large, max-video-preview:-1\" \/>\n<link rel=\"canonical\" href=\"https:\/\/www.molteni.com\/es\/brochure\/\" \/>\n<meta property=\"og:locale\" content=\"es_ES\" \/>\n<meta property=\"og:type\" content=\"article\" \/>\n<meta property=\"og:title\" content=\"CAT\u00c1LOGO - Molteni\" \/>\n<meta property=\"og:description\" content=\"[vc_row flex_height=\u00bbyes\u00bb middle_content=\u00bbyes\u00bb padding_bottom=\u00bb0px\u00bb padding_top=\u00bb0px\u00bb el_class=\u00bbrow-no-margin\u00bb][vc_column width=\u00bb1\/2&#8243; el_class=\u00bbinverti\u00bb][vc_custom_heading text=\u00bbMOLTENI CARACTE\u0300RE\u00bb font_container=\u00bbtag:h1|text_align:left\u00bb use_theme_fonts=\u00bbyes\u00bb][vc_column_text]La leyenda contin\u00faa Ahora es un momento de evoluci\u00f3n, cuando la experiencia artesanal aprendida a lo largo de las generaciones se encuentra con lo \u00faltimo en innovaci\u00f3n tecnol\u00f3gica y cuando el patrimonio se vuelve casi inmortal al abarcar el futuro. Download brochure[\/vc_column_text][\/vc_column][vc_column width=\u00bb1\/2&#8243; el_class=\u00bbbox-grey-text [&hellip;]\" \/>\n<meta property=\"og:url\" content=\"https:\/\/www.molteni.com\/es\/brochure\/\" \/>\n<meta property=\"og:site_name\" content=\"Molteni\" \/>\n<meta property=\"article:modified_time\" content=\"2026-04-09T13:33:57+00:00\" \/>\n<meta name=\"twitter:card\" content=\"summary_large_image\" \/>\n<meta name=\"twitter:label1\" content=\"Tiempo de lectura\" \/>\n\t<meta name=\"twitter:data1\" content=\"1 minuto\" \/>\n<script type=\"application\/ld+json\" class=\"yoast-schema-graph\">{\"@context\":\"https:\/\/schema.org\",\"@graph\":[{\"@type\":\"WebPage\",\"@id\":\"https:\/\/www.molteni.com\/es\/brochure\/\",\"url\":\"https:\/\/www.molteni.com\/es\/brochure\/\",\"name\":\"CAT\u00c1LOGO - Molteni\",\"isPartOf\":{\"@id\":\"https:\/\/www.molteni.com\/#website\"},\"datePublished\":\"2016-02-23T17:05:48+00:00\",\"dateModified\":\"2026-04-09T13:33:57+00:00\",\"breadcrumb\":{\"@id\":\"https:\/\/www.molteni.com\/es\/brochure\/#breadcrumb\"},\"inLanguage\":\"es\",\"potentialAction\":[{\"@type\":\"ReadAction\",\"target\":[\"https:\/\/www.molteni.com\/es\/brochure\/\"]}]},{\"@type\":\"BreadcrumbList\",\"@id\":\"https:\/\/www.molteni.com\/es\/brochure\/#breadcrumb\",\"itemListElement\":[{\"@type\":\"ListItem\",\"position\":1,\"name\":\"Home\",\"item\":\"https:\/\/www.molteni.com\/es\/\"},{\"@type\":\"ListItem\",\"position\":2,\"name\":\"CAT\u00c1LOGO\"}]},{\"@type\":\"WebSite\",\"@id\":\"https:\/\/www.molteni.com\/#website\",\"url\":\"https:\/\/www.molteni.com\/\",\"name\":\"Molteni\",\"description\":\"Luxury Professional Stoves\",\"potentialAction\":[{\"@type\":\"SearchAction\",\"target\":{\"@type\":\"EntryPoint\",\"urlTemplate\":\"https:\/\/www.molteni.com\/?s={search_term_string}\"},\"query-input\":{\"@type\":\"PropertyValueSpecification\",\"valueRequired\":true,\"valueName\":\"search_term_string\"}}],\"inLanguage\":\"es\"}]}<\/script>\n<!-- \/ Yoast SEO plugin. -->","yoast_head_json":{"title":"CAT\u00c1LOGO - Molteni","robots":{"index":"index","follow":"follow","max-snippet":"max-snippet:-1","max-image-preview":"max-image-preview:large","max-video-preview":"max-video-preview:-1"},"canonical":"https:\/\/www.molteni.com\/es\/brochure\/","og_locale":"es_ES","og_type":"article","og_title":"CAT\u00c1LOGO - Molteni","og_description":"[vc_row flex_height=\u00bbyes\u00bb middle_content=\u00bbyes\u00bb padding_bottom=\u00bb0px\u00bb padding_top=\u00bb0px\u00bb el_class=\u00bbrow-no-margin\u00bb][vc_column width=\u00bb1\/2&#8243; el_class=\u00bbinverti\u00bb][vc_custom_heading text=\u00bbMOLTENI CARACTE\u0300RE\u00bb font_container=\u00bbtag:h1|text_align:left\u00bb use_theme_fonts=\u00bbyes\u00bb][vc_column_text]La leyenda contin\u00faa Ahora es un momento de evoluci\u00f3n, cuando la experiencia artesanal aprendida a lo largo de las generaciones se encuentra con lo \u00faltimo en innovaci\u00f3n tecnol\u00f3gica y cuando el patrimonio se vuelve casi inmortal al abarcar el futuro. Download brochure[\/vc_column_text][\/vc_column][vc_column width=\u00bb1\/2&#8243; el_class=\u00bbbox-grey-text [&hellip;]","og_url":"https:\/\/www.molteni.com\/es\/brochure\/","og_site_name":"Molteni","article_modified_time":"2026-04-09T13:33:57+00:00","twitter_card":"summary_large_image","twitter_misc":{"Tiempo de lectura":"1 minuto"},"schema":{"@context":"https:\/\/schema.org","@graph":[{"@type":"WebPage","@id":"https:\/\/www.molteni.com\/es\/brochure\/","url":"https:\/\/www.molteni.com\/es\/brochure\/","name":"CAT\u00c1LOGO - Molteni","isPartOf":{"@id":"https:\/\/www.molteni.com\/#website"},"datePublished":"2016-02-23T17:05:48+00:00","dateModified":"2026-04-09T13:33:57+00:00","breadcrumb":{"@id":"https:\/\/www.molteni.com\/es\/brochure\/#breadcrumb"},"inLanguage":"es","potentialAction":[{"@type":"ReadAction","target":["https:\/\/www.molteni.com\/es\/brochure\/"]}]},{"@type":"BreadcrumbList","@id":"https:\/\/www.molteni.com\/es\/brochure\/#breadcrumb","itemListElement":[{"@type":"ListItem","position":1,"name":"Home","item":"https:\/\/www.molteni.com\/es\/"},{"@type":"ListItem","position":2,"name":"CAT\u00c1LOGO"}]},{"@type":"WebSite","@id":"https:\/\/www.molteni.com\/#website","url":"https:\/\/www.molteni.com\/","name":"Molteni","description":"Luxury Professional Stoves","potentialAction":[{"@type":"SearchAction","target":{"@type":"EntryPoint","urlTemplate":"https:\/\/www.molteni.com\/?s={search_term_string}"},"query-input":{"@type":"PropertyValueSpecification","valueRequired":true,"valueName":"search_term_string"}}],"inLanguage":"es"}]}},"_links":{"self":[{"href":"https:\/\/www.molteni.com\/es\/wp-json\/wp\/v2\/pages\/3182"}],"collection":[{"href":"https:\/\/www.molteni.com\/es\/wp-json\/wp\/v2\/pages"}],"about":[{"href":"https:\/\/www.molteni.com\/es\/wp-json\/wp\/v2\/types\/page"}],"author":[{"embeddable":true,"href":"https:\/\/www.molteni.com\/es\/wp-json\/wp\/v2\/users\/1"}],"replies":[{"embeddable":true,"href":"https:\/\/www.molteni.com\/es\/wp-json\/wp\/v2\/comments?post=3182"}],"version-history":[{"count":25,"href":"https:\/\/www.molteni.com\/es\/wp-json\/wp\/v2\/pages\/3182\/revisions"}],"predecessor-version":[{"id":23387,"href":"https:\/\/www.molteni.com\/es\/wp-json\/wp\/v2\/pages\/3182\/revisions\/23387"}],"wp:attachment":[{"href":"https:\/\/www.molteni.com\/es\/wp-json\/wp\/v2\/media?parent=3182"}],"curies":[{"name":"wp","href":"https:\/\/api.w.org\/{rel}","templated":true}]}}