{"id":3149,"date":"2017-09-26T15:21:00","date_gmt":"2017-09-26T15:21:00","guid":{"rendered":"https:\/\/www.molteni.com\/caractere-line\/"},"modified":"2026-02-25T13:27:58","modified_gmt":"2026-02-25T13:27:58","slug":"caractere-line","status":"publish","type":"page","link":"https:\/\/www.molteni.com\/de\/caractere-line\/","title":{"rendered":"Caract\u00e8re line"},"content":{"rendered":"<div class=\"wpb-content-wrapper\"><p>[vc_row][vc_column]<div class=\"eut-element eut-carousel-wrapper\"  style=\" \"><div class=\"eut-slider eut-carousel-element \" data-slider-speed=\"3500\" data-slider-pause=\"no\" data-navigation-type=\"0\" data-slider-autoplay=\"yes\" data-slider-autoheight=\"no\"><div class=\"eut-slider-item\"><figure><div class=\"eut-media\"><img loading=\"lazy\" decoding=\"async\" width=\"1024\" height=\"587\" src=\"https:\/\/www.molteni.com\/wp-content\/uploads\/2021\/03\/molteni-caractere-nera-con-top-acciaio-1024x587.jpg\" class=\"attachment-large size-large\" alt=\"\" srcset=\"https:\/\/www.molteni.com\/wp-content\/uploads\/2021\/03\/molteni-caractere-nera-con-top-acciaio-1024x587.jpg 1024w, https:\/\/www.molteni.com\/wp-content\/uploads\/2021\/03\/molteni-caractere-nera-con-top-acciaio-300x172.jpg 300w, https:\/\/www.molteni.com\/wp-content\/uploads\/2021\/03\/molteni-caractere-nera-con-top-acciaio-768x440.jpg 768w, https:\/\/www.molteni.com\/wp-content\/uploads\/2021\/03\/molteni-caractere-nera-con-top-acciaio-1536x880.jpg 1536w, https:\/\/www.molteni.com\/wp-content\/uploads\/2021\/03\/molteni-caractere-nera-con-top-acciaio-1920x1100.jpg 1920w\" sizes=\"(max-width: 1024px) 100vw, 1024px\" \/><\/div><\/figure><\/div><div class=\"eut-slider-item\"><figure><div class=\"eut-media\"><img loading=\"lazy\" decoding=\"async\" width=\"1024\" height=\"587\" src=\"https:\/\/www.molteni.com\/wp-content\/uploads\/2021\/05\/Hotel_VillaFranca_Update-1950x1118-1-1024x587.jpg\" class=\"attachment-large size-large\" alt=\"\" srcset=\"https:\/\/www.molteni.com\/wp-content\/uploads\/2021\/05\/Hotel_VillaFranca_Update-1950x1118-1-1024x587.jpg 1024w, https:\/\/www.molteni.com\/wp-content\/uploads\/2021\/05\/Hotel_VillaFranca_Update-1950x1118-1-300x172.jpg 300w, https:\/\/www.molteni.com\/wp-content\/uploads\/2021\/05\/Hotel_VillaFranca_Update-1950x1118-1-768x440.jpg 768w, https:\/\/www.molteni.com\/wp-content\/uploads\/2021\/05\/Hotel_VillaFranca_Update-1950x1118-1-1536x880.jpg 1536w, https:\/\/www.molteni.com\/wp-content\/uploads\/2021\/05\/Hotel_VillaFranca_Update-1950x1118-1-1920x1100.jpg 1920w\" sizes=\"(max-width: 1024px) 100vw, 1024px\" \/><\/div><\/figure><\/div><div class=\"eut-slider-item\"><figure><div class=\"eut-media\"><img loading=\"lazy\" decoding=\"async\" width=\"1024\" height=\"602\" src=\"https:\/\/www.molteni.com\/wp-content\/uploads\/2021\/05\/Corso_Venezia-1950x1116-1-1024x602.jpg\" class=\"attachment-large size-large\" alt=\"\" srcset=\"https:\/\/www.molteni.com\/wp-content\/uploads\/2021\/05\/Corso_Venezia-1950x1116-1-1024x602.jpg 1024w, https:\/\/www.molteni.com\/wp-content\/uploads\/2021\/05\/Corso_Venezia-1950x1116-1-300x176.jpg 300w, https:\/\/www.molteni.com\/wp-content\/uploads\/2021\/05\/Corso_Venezia-1950x1116-1-768x451.jpg 768w, https:\/\/www.molteni.com\/wp-content\/uploads\/2021\/05\/Corso_Venezia-1950x1116-1-1536x903.jpg 1536w, https:\/\/www.molteni.com\/wp-content\/uploads\/2021\/05\/Corso_Venezia-1950x1116-1-1920x1128.jpg 1920w\" sizes=\"(max-width: 1024px) 100vw, 1024px\" \/><\/div><\/figure><\/div>\t<\/div><\/div>[\/vc_column][\/vc_row][vc_row middle_content=&#8220;yes&#8220;][vc_column width=&#8220;3\/4&#8243;][vc_custom_heading text=&#8220;MOLTENI CARACTE\u0300RE&#8220; font_container=&#8220;tag:h2|text_align:left|color:%23b58d52&#8243; use_theme_fonts=&#8220;yes&#8220; css=&#8220;&#8220;][vc_column_text css=&#8220;&#8220;]<\/p>\n<p style=\"text-align: left;\">Die Legende wird fortgeschrieben. Es ist an der Zeit f\u00fcr eine Evolution, bei der \u00fcber Generationen erlerntes Kunsthandwerk auf ultimative technologische Innovationen trifft und bei der das Erbe der Vergangenheit die Zukunft f\u00fcr sich beansprucht und so nahezu unsterblich wird. Verw\u00f6hnen Sie Ihre Sinne. Die kunstvolle Fertigung Ihres individuellen und exquisit ma\u00dfgeschneiderten Molteni beginnt hier. Lassen Sie sich von diesen Seiten inspirieren, um Ihren neuen Molteni zu erschaffen, als w\u00e4re er eine Symphonie aus Farben, Sinneswahrnehmungen und Emotionen. Egal ob traditionell oder modern, Ihr Molteni wird immer einzigartig sein.<\/p>\n<p style=\"text-align: left;\"><strong>Willkommen in Ihrem Traum.<\/strong><\/p>\n<p>[\/vc_column_text][\/vc_column][vc_column width=&#8220;1\/4&#8243;]<div class=\"eut-element eut-image eut-align-center\" style=\"\"><img loading=\"lazy\" decoding=\"async\" width=\"200\" height=\"88\" src=\"https:\/\/www.molteni.com\/wp-content\/uploads\/2026\/02\/fab_ligne_gauche_rvb-200x88-1.png\" class=\"attachment-medium size-medium\" alt=\"\" \/><\/div>[\/vc_column][\/vc_row][vc_row el_class=&#8220;row-no-margin&#8220;][vc_column el_class=&#8220;column-link&#8220;][vc_raw_html]JTNDYSUyMGhyZWYlM0QlMjAlMjJodHRwcyUzQSUyRiUyRnd3dy5tb2x0ZW5pLmNvbSUyRmRlJTJGY2FyYWN0ZXJlLWxpbmUta25vYnMlMkYlMjIlMjBjbGFzcyUzRCUyMmNvbHVtbi1saW5rJTIyJTNFJTNDJTJGYSUzRQ==[\/vc_raw_html][\/vc_column][vc_column width=&#8220;1\/2&#8243; el_class=&#8220;box-grey-text&#8220;][vc_custom_heading text=&#8220;Die einzigartige Aura&#8220; font_container=&#8220;tag:h2|text_align:left|color:%23b58d52&#8243; use_theme_fonts=&#8220;yes&#8220;][vc_column_text]Individuelles Design, kunstvolle handwerkliche Fertigung und exquisite Oberfl\u00e4chenveredelung in Handarbeit.<\/p>\n<p><strong class=\"gold\">Entdecken Sie mehr<\/strong>[\/vc_column_text][\/vc_column][vc_column width=&#8220;1\/2&#8243; el_class=&#8220;box-grey-text&#8220; css=&#8220;.vc_custom_1506441367759{background-image: url(https:\/\/www.molteni.com\/wp-content\/uploads\/2017\/09\/Senza-titolo-1.jpg?id=2613) !important;background-position: center !important;background-repeat: no-repeat !important;background-size: cover !important;}&#8220;][\/vc_column][\/vc_row][vc_row el_class=&#8220;row-no-margin&#8220;][vc_column el_class=&#8220;column-link&#8220;][vc_raw_html]JTNDYSUyMGhyZWYlM0QlMjAlMjJodHRwcyUzQSUyRiUyRnd3dy5tb2x0ZW5pLmNvbSUyRmRlJTJGZW5hbWVsbGVkLWNvbG9ycyUyRiUyMiUyMGNsYXNzJTNEJTIyY29sdW1uLWxpbmslMjIlM0UlM0MlMkZhJTNF[\/vc_raw_html][\/vc_column][vc_column width=&#8220;1\/2&#8243; el_class=&#8220;box-grey-text inverti2&#8243; css=&#8220;.vc_custom_1507553830232{background-image: url(https:\/\/www.molteni.com\/wp-content\/uploads\/2017\/09\/A_7152-m-.jpg?id=2586) !important;background-position: center !important;background-repeat: no-repeat !important;background-size: cover !important;}&#8220;][\/vc_column][vc_column width=&#8220;1\/2&#8243; el_class=&#8220;box-grey-text inverti&#8220;][vc_custom_heading text=&#8220;Unvergleichliche Reize f\u00fcr das Auge und den Tastsinn&#8220; font_container=&#8220;tag:h2|text_align:left|color:%23b58d52&#8243; use_theme_fonts=&#8220;yes&#8220;][vc_column_text]Die Blenden des Molteni mit Emaille-Oberfl\u00e4che sind charakteristische Gestaltungselemente. W\u00e4hlen Sie Ihre eigene Farbe aus.<\/p>\n<p><strong class=\"gold\">Entdecken Sie mehr<\/strong>[\/vc_column_text][\/vc_column][\/vc_row][vc_row desktop_visibility=&#8220;hide&#8220; tablet_visibility=&#8220;hide&#8220; tablet_sm_visibility=&#8220;hide&#8220; mobile_visibility=&#8220;hide&#8220; el_class=&#8220;row-no-margin&#8220;][vc_column el_class=&#8220;column-link&#8220;][vc_raw_html]JTNDYSUyMGhyZWYlM0QlMjAlMjJodHRwcyUzQSUyRiUyRnd3dy5tb2x0ZW5pLmNvbSUyRmRlJTJGZGVjb3IlMkYlMjIlMjBjbGFzcyUzRCUyMmNvbHVtbi1saW5rJTIyJTNFJTNDJTJGYSUzRQ==[\/vc_raw_html][\/vc_column][vc_column width=&#8220;1\/2&#8243; el_class=&#8220;box-grey-text&#8220;][vc_custom_heading text=&#8220;Auf neuen Wegen zu vollendeten Formen&#8220; font_container=&#8220;tag:h2|text_align:left|color:%23b58d52&#8243; use_theme_fonts=&#8220;yes&#8220;][vc_column_text]Molteni Contempo-Oberfl\u00e4che \u2013 Ihr ganz eigener Stil.<\/p>\n<p><strong class=\"gold\">Entdecken Sie mehr<\/strong>[\/vc_column_text][\/vc_column][vc_column width=&#8220;1\/2&#8243; el_class=&#8220;box-grey-text&#8220; css=&#8220;.vc_custom_1506440209819{background-image: url(https:\/\/www.molteni.com\/wp-content\/uploads\/2017\/09\/L4A4832.jpg?id=2610) !important;background-position: center !important;background-repeat: no-repeat !important;background-size: cover !important;}&#8220;][\/vc_column][\/vc_row][vc_row][vc_column width=&#8220;1\/2&#8243; el_class=&#8220;box-grey-text inverti&#8220;][vc_custom_heading text=&#8220;Die Kraft der Vergangenheit, auf Fl\u00fcgeln in die Zukunft getragen&#8220; font_container=&#8220;tag:h2|text_align:left|color:%23b58d52&#8243; use_theme_fonts=&#8220;yes&#8220;][vc_column_text]Nur die besten K\u00f6che wissen, wie man, Einfachheit und Kunst, Vergangenheit und Zukunft sowie Handwerk und Wissenschaft vereint.[\/vc_column_text][\/vc_column][vc_column width=&#8220;1\/2&#8243; el_class=&#8220;box-grey-text inverti2&#8243; css=&#8220;.vc_custom_1507553844644{background-image: url(https:\/\/www.molteni.com\/wp-content\/uploads\/2017\/09\/91B7937.jpg?id=2612) !important;background-position: center !important;background-repeat: no-repeat !important;background-size: cover !important;}&#8220;][\/vc_column][\/vc_row][vc_row section_type=&#8220;fullwidth-element&#8220; padding_top=&#8220;0&#8243; padding_bottom=&#8220;0&#8243; margin_bottom=&#8220;0&#8243; el_class=&#8220;row-no-margin&#8220;][vc_column]<div class=\"eut-element eut-hr \" style=\"\"><div class=\"eut-line-divider\"><\/div><\/div>[\/vc_column][\/vc_row]<\/p>\n<\/div>","protected":false},"excerpt":{"rendered":"<p>[vc_row][vc_column][\/vc_column][\/vc_row][vc_row middle_content=&#8220;yes&#8220;][vc_column width=&#8220;3\/4&#8243;][vc_custom_heading text=&#8220;MOLTENI CARACTE\u0300RE&#8220; font_container=&#8220;tag:h2|text_align:left|color:%23b58d52&#8243; use_theme_fonts=&#8220;yes&#8220; css=&#8220;&#8220;][vc_column_text css=&#8220;&#8220;] Die Legende wird fortgeschrieben. Es ist an der Zeit f\u00fcr eine Evolution, bei der \u00fcber Generationen erlerntes Kunsthandwerk auf ultimative technologische Innovationen trifft und bei der das Erbe der Vergangenheit die Zukunft f\u00fcr sich beansprucht und so nahezu unsterblich wird. Verw\u00f6hnen Sie Ihre Sinne. Die kunstvolle [&hellip;]<\/p>\n","protected":false},"author":1,"featured_media":0,"parent":0,"menu_order":0,"comment_status":"closed","ping_status":"closed","template":"","meta":{"_acf_changed":false,"inline_featured_image":false,"footnotes":""},"acf":[],"yoast_head":"<!-- This site is optimized with the Yoast SEO plugin v25.4 - https:\/\/yoast.com\/wordpress\/plugins\/seo\/ -->\n<title>Caract\u00e8re line - Molteni<\/title>\n<meta name=\"robots\" content=\"index, follow, max-snippet:-1, max-image-preview:large, max-video-preview:-1\" \/>\n<link rel=\"canonical\" href=\"https:\/\/www.molteni.com\/de\/caractere-line\/\" \/>\n<meta property=\"og:locale\" content=\"de_DE\" \/>\n<meta property=\"og:type\" content=\"article\" \/>\n<meta property=\"og:title\" content=\"Caract\u00e8re line - Molteni\" \/>\n<meta property=\"og:description\" content=\"[vc_row][vc_column][\/vc_column][\/vc_row][vc_row middle_content=&#8220;yes&#8220;][vc_column width=&#8220;3\/4&#8243;][vc_custom_heading text=&#8220;MOLTENI CARACTE\u0300RE&#8220; font_container=&#8220;tag:h2|text_align:left|color:%23b58d52&#8243; use_theme_fonts=&#8220;yes&#8220; css=&#8220;&#8220;][vc_column_text css=&#8220;&#8220;] Die Legende wird fortgeschrieben. Es ist an der Zeit f\u00fcr eine Evolution, bei der \u00fcber Generationen erlerntes Kunsthandwerk auf ultimative technologische Innovationen trifft und bei der das Erbe der Vergangenheit die Zukunft f\u00fcr sich beansprucht und so nahezu unsterblich wird. Verw\u00f6hnen Sie Ihre Sinne. Die kunstvolle [&hellip;]\" \/>\n<meta property=\"og:url\" content=\"https:\/\/www.molteni.com\/de\/caractere-line\/\" \/>\n<meta property=\"og:site_name\" content=\"Molteni\" \/>\n<meta property=\"article:modified_time\" content=\"2026-02-25T13:27:58+00:00\" \/>\n<meta name=\"twitter:card\" content=\"summary_large_image\" \/>\n<meta name=\"twitter:label1\" content=\"Gesch\u00e4tzte Lesezeit\" \/>\n\t<meta name=\"twitter:data1\" content=\"2 Minuten\" \/>\n<script type=\"application\/ld+json\" class=\"yoast-schema-graph\">{\"@context\":\"https:\/\/schema.org\",\"@graph\":[{\"@type\":\"WebPage\",\"@id\":\"https:\/\/www.molteni.com\/de\/caractere-line\/\",\"url\":\"https:\/\/www.molteni.com\/de\/caractere-line\/\",\"name\":\"Caract\u00e8re line - Molteni\",\"isPartOf\":{\"@id\":\"https:\/\/www.molteni.com\/#website\"},\"datePublished\":\"2017-09-26T15:21:00+00:00\",\"dateModified\":\"2026-02-25T13:27:58+00:00\",\"breadcrumb\":{\"@id\":\"https:\/\/www.molteni.com\/de\/caractere-line\/#breadcrumb\"},\"inLanguage\":\"de-DE\",\"potentialAction\":[{\"@type\":\"ReadAction\",\"target\":[\"https:\/\/www.molteni.com\/de\/caractere-line\/\"]}]},{\"@type\":\"BreadcrumbList\",\"@id\":\"https:\/\/www.molteni.com\/de\/caractere-line\/#breadcrumb\",\"itemListElement\":[{\"@type\":\"ListItem\",\"position\":1,\"name\":\"Home\",\"item\":\"https:\/\/www.molteni.com\/de\/\"},{\"@type\":\"ListItem\",\"position\":2,\"name\":\"Caract\u00e8re line\"}]},{\"@type\":\"WebSite\",\"@id\":\"https:\/\/www.molteni.com\/#website\",\"url\":\"https:\/\/www.molteni.com\/\",\"name\":\"Molteni\",\"description\":\"Luxury Professional Stoves\",\"potentialAction\":[{\"@type\":\"SearchAction\",\"target\":{\"@type\":\"EntryPoint\",\"urlTemplate\":\"https:\/\/www.molteni.com\/?s={search_term_string}\"},\"query-input\":{\"@type\":\"PropertyValueSpecification\",\"valueRequired\":true,\"valueName\":\"search_term_string\"}}],\"inLanguage\":\"de-DE\"}]}<\/script>\n<!-- \/ Yoast SEO plugin. -->","yoast_head_json":{"title":"Caract\u00e8re line - Molteni","robots":{"index":"index","follow":"follow","max-snippet":"max-snippet:-1","max-image-preview":"max-image-preview:large","max-video-preview":"max-video-preview:-1"},"canonical":"https:\/\/www.molteni.com\/de\/caractere-line\/","og_locale":"de_DE","og_type":"article","og_title":"Caract\u00e8re line - Molteni","og_description":"[vc_row][vc_column][\/vc_column][\/vc_row][vc_row middle_content=&#8220;yes&#8220;][vc_column width=&#8220;3\/4&#8243;][vc_custom_heading text=&#8220;MOLTENI CARACTE\u0300RE&#8220; font_container=&#8220;tag:h2|text_align:left|color:%23b58d52&#8243; use_theme_fonts=&#8220;yes&#8220; css=&#8220;&#8220;][vc_column_text css=&#8220;&#8220;] Die Legende wird fortgeschrieben. Es ist an der Zeit f\u00fcr eine Evolution, bei der \u00fcber Generationen erlerntes Kunsthandwerk auf ultimative technologische Innovationen trifft und bei der das Erbe der Vergangenheit die Zukunft f\u00fcr sich beansprucht und so nahezu unsterblich wird. Verw\u00f6hnen Sie Ihre Sinne. Die kunstvolle [&hellip;]","og_url":"https:\/\/www.molteni.com\/de\/caractere-line\/","og_site_name":"Molteni","article_modified_time":"2026-02-25T13:27:58+00:00","twitter_card":"summary_large_image","twitter_misc":{"Gesch\u00e4tzte Lesezeit":"2 Minuten"},"schema":{"@context":"https:\/\/schema.org","@graph":[{"@type":"WebPage","@id":"https:\/\/www.molteni.com\/de\/caractere-line\/","url":"https:\/\/www.molteni.com\/de\/caractere-line\/","name":"Caract\u00e8re line - Molteni","isPartOf":{"@id":"https:\/\/www.molteni.com\/#website"},"datePublished":"2017-09-26T15:21:00+00:00","dateModified":"2026-02-25T13:27:58+00:00","breadcrumb":{"@id":"https:\/\/www.molteni.com\/de\/caractere-line\/#breadcrumb"},"inLanguage":"de-DE","potentialAction":[{"@type":"ReadAction","target":["https:\/\/www.molteni.com\/de\/caractere-line\/"]}]},{"@type":"BreadcrumbList","@id":"https:\/\/www.molteni.com\/de\/caractere-line\/#breadcrumb","itemListElement":[{"@type":"ListItem","position":1,"name":"Home","item":"https:\/\/www.molteni.com\/de\/"},{"@type":"ListItem","position":2,"name":"Caract\u00e8re line"}]},{"@type":"WebSite","@id":"https:\/\/www.molteni.com\/#website","url":"https:\/\/www.molteni.com\/","name":"Molteni","description":"Luxury Professional Stoves","potentialAction":[{"@type":"SearchAction","target":{"@type":"EntryPoint","urlTemplate":"https:\/\/www.molteni.com\/?s={search_term_string}"},"query-input":{"@type":"PropertyValueSpecification","valueRequired":true,"valueName":"search_term_string"}}],"inLanguage":"de-DE"}]}},"_links":{"self":[{"href":"https:\/\/www.molteni.com\/de\/wp-json\/wp\/v2\/pages\/3149"}],"collection":[{"href":"https:\/\/www.molteni.com\/de\/wp-json\/wp\/v2\/pages"}],"about":[{"href":"https:\/\/www.molteni.com\/de\/wp-json\/wp\/v2\/types\/page"}],"author":[{"embeddable":true,"href":"https:\/\/www.molteni.com\/de\/wp-json\/wp\/v2\/users\/1"}],"replies":[{"embeddable":true,"href":"https:\/\/www.molteni.com\/de\/wp-json\/wp\/v2\/comments?post=3149"}],"version-history":[{"count":11,"href":"https:\/\/www.molteni.com\/de\/wp-json\/wp\/v2\/pages\/3149\/revisions"}],"predecessor-version":[{"id":23103,"href":"https:\/\/www.molteni.com\/de\/wp-json\/wp\/v2\/pages\/3149\/revisions\/23103"}],"wp:attachment":[{"href":"https:\/\/www.molteni.com\/de\/wp-json\/wp\/v2\/media?parent=3149"}],"curies":[{"name":"wp","href":"https:\/\/api.w.org\/{rel}","templated":true}]}}