{"id":3135,"date":"2017-09-21T08:33:27","date_gmt":"2017-09-21T08:33:27","guid":{"rendered":"https:\/\/www.molteni.com\/1923-line\/"},"modified":"2026-02-25T13:28:08","modified_gmt":"2026-02-25T13:28:08","slug":"1923-line","status":"publish","type":"page","link":"https:\/\/www.molteni.com\/de\/1923-line\/","title":{"rendered":"1923 Line"},"content":{"rendered":"<div class=\"wpb-content-wrapper\"><p>[vc_row][vc_column el_class=&#8220;box-grey-slide&#8220; css=&#8220;.vc_custom_1507123260421{background-image: url(https:\/\/www.molteni.com\/wp-content\/uploads\/2017\/09\/molteni_1923-1024&#215;887.jpg?id=2590) !important;background-position: center !important;background-repeat: no-repeat !important;background-size: cover !important;}&#8220;][\/vc_column][\/vc_row][vc_row middle_content=&#8220;yes&#8220;][vc_column width=&#8220;3\/4&#8243;][vc_custom_heading text=&#8220;MOLTENI 1923&#8243; font_container=&#8220;tag:h2|text_align:left|color:%23b58d52&#8243; use_theme_fonts=&#8220;yes&#8220; css=&#8220;&#8220;][vc_column_text css=&#8220;&#8220;]<\/p>\n<p style=\"text-align: left;\">Eine Legende, die 1923 das Licht der Welt erblickt hat. Nach den einfachen Anf\u00e4ngen hat sich Molteni schnell zum Herd der Wahl f\u00fcr K\u00f6che gemausert, die sich auf den ersten Blick in die handgearbeiteten Kreationen aus einer kleinen Kunstwerkstatt in Saint-Uze in Frankreich verliebt haben. Jeder der individuellen Herde wurde mit voller Hingabe und seiner eigenen Pers\u00f6nlichkeit und Seele hergestellt, um exakt den W\u00fcnschen seines neuen Besitzers zu entsprechen.<\/p>\n<p style=\"text-align: left;\">Ma\u00dfgeschneiderte Herde, die noch heute den bekanntesten K\u00fcchen der Welt Anmut verleihen, schm\u00fccken die exklusivsten Privatresidenzen und sind die Wahl der gro\u00dfartigsten und mit Michelin-Sternen ausgezeichneten K\u00f6che, um ihrer Kreativit\u00e4t freien Lauf zu lassen. <strong>Jeder Molteni erz\u00e4hlt eine Geschichte, und zwar Ihre ganz pers\u00f6nliche Geschichte.<\/strong><\/p>\n<p>[\/vc_column_text][\/vc_column][vc_column width=&#8220;1\/4&#8243;]<div class=\"eut-element eut-image eut-align-center\" style=\"\"><img loading=\"lazy\" decoding=\"async\" width=\"200\" height=\"88\" src=\"https:\/\/www.molteni.com\/wp-content\/uploads\/2026\/02\/fab_ligne_gauche_rvb-200x88-1.png\" class=\"attachment-medium size-medium\" alt=\"\" \/><\/div>[\/vc_column][\/vc_row][vc_row section_id=&#8220;1923-line-knobs&#8220; el_class=&#8220;row-no-margin&#8220;][vc_column el_class=&#8220;column-link&#8220;][vc_raw_html]JTNDYSUyMGhyZWYlM0QlMjAlMjJodHRwcyUzQSUyRiUyRnd3dy5tb2x0ZW5pLmNvbSUyRmRlJTJGMTkyMy1saW5lLWtub2JzJTJGJTIyJTIwY2xhc3MlM0QlMjJjb2x1bW4tbGluayUyMiUzRSUzQyUyRmElM0U=[\/vc_raw_html][\/vc_column][vc_column width=&#8220;1\/2&#8243; el_class=&#8220;box-grey-text&#8220;][vc_custom_heading text=&#8220;250 Gramm Tradition&#8220; font_container=&#8220;tag:h2|text_align:left|color:%23b58d52&#8243; use_theme_fonts=&#8220;yes&#8220;][vc_column_text]Jeder Molteni ist so gebaut, dass der Anwender stets in den Genuss von unvergleichlichem Luxus und wahrhaftiger Einzigartigkeit kommt.<\/p>\n<p><strong class=\"gold\">Entdecken Sie mehr<\/strong>[\/vc_column_text][\/vc_column][vc_column width=&#8220;1\/2&#8243; css=&#8220;.vc_custom_1506352854176{background-image: url(https:\/\/www.molteni.com\/wp-content\/uploads\/2017\/09\/molteni-knob.jpg?id=2584) !important;background-position: center !important;background-repeat: no-repeat !important;background-size: cover !important;}&#8220; el_class=&#8220;box-grey-text&#8220;][\/vc_column][\/vc_row][vc_row el_class=&#8220;row-no-margin&#8220;][vc_column el_class=&#8220;column-link&#8220;][vc_raw_html]JTNDYSUyMGhyZWYlM0QlMjAlMjJodHRwcyUzQSUyRiUyRnd3dy5tb2x0ZW5pLmNvbSUyRmRlJTJGZW5hbWVsbGVkLWNvbG9ycyUyRiUyMiUyMGNsYXNzJTNEJTIyY29sdW1uLWxpbmslMjIlM0UlM0MlMkZhJTNF[\/vc_raw_html][\/vc_column][vc_column width=&#8220;1\/2&#8243; css=&#8220;.vc_custom_1507553769571{background-image: url(https:\/\/www.molteni.com\/wp-content\/uploads\/2017\/09\/A_7152-m-.jpg?id=2586) !important;background-position: center !important;background-repeat: no-repeat !important;background-size: cover !important;}&#8220; el_class=&#8220;box-grey-text inverti2&#8243;][\/vc_column][vc_column width=&#8220;1\/2&#8243; el_class=&#8220;box-grey-text inverti&#8220;][vc_custom_heading text=&#8220;Unvergleichliche Reize f\u00fcr das Auge und den Tastsinn&#8220; font_container=&#8220;tag:h2|text_align:left|color:%23b58d52&#8243; use_theme_fonts=&#8220;yes&#8220;][vc_column_text]Die Blenden des Molteni mit Emaille-Oberfl\u00e4che sind charakteristische Gestaltungselemente. W\u00e4hlen Sie Ihre eigene Farbe aus.<\/p>\n<p><strong class=\"gold\">Entdecken Sie mehr<\/strong>[\/vc_column_text][\/vc_column][\/vc_row][vc_row][vc_column el_class=&#8220;column-link&#8220;][vc_column_text el_class=&#8220;colum-link&#8220;]<a href=\"https:\/\/www.molteni.com\/wp-content\/uploads\/2016\/02\/Molteni-Finishing-Guide-A4-EN_20240919-LR.pdf\" class=\"column-link ga-event-pdf-link\" data-ga-link=\"https:\/\/www.molteni.com\/wp-content\/uploads\/2016\/02\/Molteni-Finishing-Guide-A4-EN_20240919-LR.pdf\" target=\"_blank\"><\/a>[\/vc_column_text][\/vc_column][vc_column width=&#8220;1\/2&#8243; el_class=&#8220;box-grey-text&#8220;][vc_custom_heading text=&#8220;Die Kraft der Tradition&#8220; font_container=&#8220;tag:h2|text_align:left|color:%23b58d52&#8243; use_theme_fonts=&#8220;yes&#8220;][vc_column_text]Jeder Bestandteil Ihres Molteni ist au\u00dfergew\u00f6hnlich und darauf ausgelegt, im Laufe der Zeit zu bestehen.<\/p>\n<p><strong class=\"gold\">Entdecken Sie mehr<\/strong>[\/vc_column_text][\/vc_column][vc_column width=&#8220;1\/2&#8243; css=&#8220;.vc_custom_1506353812636{background-image: url(https:\/\/www.molteni.com\/wp-content\/uploads\/2017\/09\/trims.jpg?id=2588) !important;background-position: center !important;background-repeat: no-repeat !important;background-size: cover !important;}&#8220; el_class=&#8220;box-grey-text&#8220;][\/vc_column][\/vc_row][vc_row section_type=&#8220;fullwidth-element&#8220; padding_top=&#8220;0&#8243; padding_bottom=&#8220;0&#8243; margin_bottom=&#8220;0&#8243;][vc_column]<div class=\"eut-element eut-hr \" style=\"\"><div class=\"eut-line-divider\"><\/div><\/div>[\/vc_column][\/vc_row]<\/p>\n<\/div>","protected":false},"excerpt":{"rendered":"<p>[vc_row][vc_column el_class=&#8220;box-grey-slide&#8220; css=&#8220;.vc_custom_1507123260421{background-image: url(https:\/\/www.molteni.com\/wp-content\/uploads\/2017\/09\/molteni_1923-1024&#215;887.jpg?id=2590) !important;background-position: center !important;background-repeat: no-repeat !important;background-size: cover !important;}&#8220;][\/vc_column][\/vc_row][vc_row middle_content=&#8220;yes&#8220;][vc_column width=&#8220;3\/4&#8243;][vc_custom_heading text=&#8220;MOLTENI 1923&#8243; font_container=&#8220;tag:h2|text_align:left|color:%23b58d52&#8243; use_theme_fonts=&#8220;yes&#8220; css=&#8220;&#8220;][vc_column_text css=&#8220;&#8220;] Eine Legende, die 1923 das Licht der Welt erblickt hat. Nach den einfachen Anf\u00e4ngen hat sich Molteni schnell zum Herd der Wahl f\u00fcr K\u00f6che gemausert, die sich auf den ersten Blick in die handgearbeiteten Kreationen aus [&hellip;]<\/p>\n","protected":false},"author":1,"featured_media":0,"parent":0,"menu_order":0,"comment_status":"closed","ping_status":"closed","template":"","meta":{"_acf_changed":false,"inline_featured_image":false,"footnotes":""},"acf":[],"yoast_head":"<!-- This site is optimized with the Yoast SEO plugin v25.4 - https:\/\/yoast.com\/wordpress\/plugins\/seo\/ -->\n<title>1923 Line - Molteni<\/title>\n<meta name=\"robots\" content=\"index, follow, max-snippet:-1, max-image-preview:large, max-video-preview:-1\" \/>\n<link rel=\"canonical\" href=\"https:\/\/www.molteni.com\/de\/1923-line\/\" \/>\n<meta property=\"og:locale\" content=\"de_DE\" \/>\n<meta property=\"og:type\" content=\"article\" \/>\n<meta property=\"og:title\" content=\"1923 Line - Molteni\" \/>\n<meta property=\"og:description\" content=\"[vc_row][vc_column el_class=&#8220;box-grey-slide&#8220; css=&#8220;.vc_custom_1507123260421{background-image: url(https:\/\/www.molteni.com\/wp-content\/uploads\/2017\/09\/molteni_1923-1024&#215;887.jpg?id=2590) !important;background-position: center !important;background-repeat: no-repeat !important;background-size: cover !important;}&#8220;][\/vc_column][\/vc_row][vc_row middle_content=&#8220;yes&#8220;][vc_column width=&#8220;3\/4&#8243;][vc_custom_heading text=&#8220;MOLTENI 1923&#8243; font_container=&#8220;tag:h2|text_align:left|color:%23b58d52&#8243; use_theme_fonts=&#8220;yes&#8220; css=&#8220;&#8220;][vc_column_text css=&#8220;&#8220;] Eine Legende, die 1923 das Licht der Welt erblickt hat. Nach den einfachen Anf\u00e4ngen hat sich Molteni schnell zum Herd der Wahl f\u00fcr K\u00f6che gemausert, die sich auf den ersten Blick in die handgearbeiteten Kreationen aus [&hellip;]\" \/>\n<meta property=\"og:url\" content=\"https:\/\/www.molteni.com\/de\/1923-line\/\" \/>\n<meta property=\"og:site_name\" content=\"Molteni\" \/>\n<meta property=\"article:modified_time\" content=\"2026-02-25T13:28:08+00:00\" \/>\n<meta name=\"twitter:card\" content=\"summary_large_image\" \/>\n<meta name=\"twitter:label1\" content=\"Gesch\u00e4tzte Lesezeit\" \/>\n\t<meta name=\"twitter:data1\" content=\"2 Minuten\" \/>\n<script type=\"application\/ld+json\" class=\"yoast-schema-graph\">{\"@context\":\"https:\/\/schema.org\",\"@graph\":[{\"@type\":\"WebPage\",\"@id\":\"https:\/\/www.molteni.com\/de\/1923-line\/\",\"url\":\"https:\/\/www.molteni.com\/de\/1923-line\/\",\"name\":\"1923 Line - Molteni\",\"isPartOf\":{\"@id\":\"https:\/\/www.molteni.com\/#website\"},\"datePublished\":\"2017-09-21T08:33:27+00:00\",\"dateModified\":\"2026-02-25T13:28:08+00:00\",\"breadcrumb\":{\"@id\":\"https:\/\/www.molteni.com\/de\/1923-line\/#breadcrumb\"},\"inLanguage\":\"de-DE\",\"potentialAction\":[{\"@type\":\"ReadAction\",\"target\":[\"https:\/\/www.molteni.com\/de\/1923-line\/\"]}]},{\"@type\":\"BreadcrumbList\",\"@id\":\"https:\/\/www.molteni.com\/de\/1923-line\/#breadcrumb\",\"itemListElement\":[{\"@type\":\"ListItem\",\"position\":1,\"name\":\"Home\",\"item\":\"https:\/\/www.molteni.com\/de\/\"},{\"@type\":\"ListItem\",\"position\":2,\"name\":\"1923 Line\"}]},{\"@type\":\"WebSite\",\"@id\":\"https:\/\/www.molteni.com\/#website\",\"url\":\"https:\/\/www.molteni.com\/\",\"name\":\"Molteni\",\"description\":\"Luxury Professional Stoves\",\"potentialAction\":[{\"@type\":\"SearchAction\",\"target\":{\"@type\":\"EntryPoint\",\"urlTemplate\":\"https:\/\/www.molteni.com\/?s={search_term_string}\"},\"query-input\":{\"@type\":\"PropertyValueSpecification\",\"valueRequired\":true,\"valueName\":\"search_term_string\"}}],\"inLanguage\":\"de-DE\"}]}<\/script>\n<!-- \/ Yoast SEO plugin. -->","yoast_head_json":{"title":"1923 Line - Molteni","robots":{"index":"index","follow":"follow","max-snippet":"max-snippet:-1","max-image-preview":"max-image-preview:large","max-video-preview":"max-video-preview:-1"},"canonical":"https:\/\/www.molteni.com\/de\/1923-line\/","og_locale":"de_DE","og_type":"article","og_title":"1923 Line - Molteni","og_description":"[vc_row][vc_column el_class=&#8220;box-grey-slide&#8220; css=&#8220;.vc_custom_1507123260421{background-image: url(https:\/\/www.molteni.com\/wp-content\/uploads\/2017\/09\/molteni_1923-1024&#215;887.jpg?id=2590) !important;background-position: center !important;background-repeat: no-repeat !important;background-size: cover !important;}&#8220;][\/vc_column][\/vc_row][vc_row middle_content=&#8220;yes&#8220;][vc_column width=&#8220;3\/4&#8243;][vc_custom_heading text=&#8220;MOLTENI 1923&#8243; font_container=&#8220;tag:h2|text_align:left|color:%23b58d52&#8243; use_theme_fonts=&#8220;yes&#8220; css=&#8220;&#8220;][vc_column_text css=&#8220;&#8220;] Eine Legende, die 1923 das Licht der Welt erblickt hat. Nach den einfachen Anf\u00e4ngen hat sich Molteni schnell zum Herd der Wahl f\u00fcr K\u00f6che gemausert, die sich auf den ersten Blick in die handgearbeiteten Kreationen aus [&hellip;]","og_url":"https:\/\/www.molteni.com\/de\/1923-line\/","og_site_name":"Molteni","article_modified_time":"2026-02-25T13:28:08+00:00","twitter_card":"summary_large_image","twitter_misc":{"Gesch\u00e4tzte Lesezeit":"2 Minuten"},"schema":{"@context":"https:\/\/schema.org","@graph":[{"@type":"WebPage","@id":"https:\/\/www.molteni.com\/de\/1923-line\/","url":"https:\/\/www.molteni.com\/de\/1923-line\/","name":"1923 Line - Molteni","isPartOf":{"@id":"https:\/\/www.molteni.com\/#website"},"datePublished":"2017-09-21T08:33:27+00:00","dateModified":"2026-02-25T13:28:08+00:00","breadcrumb":{"@id":"https:\/\/www.molteni.com\/de\/1923-line\/#breadcrumb"},"inLanguage":"de-DE","potentialAction":[{"@type":"ReadAction","target":["https:\/\/www.molteni.com\/de\/1923-line\/"]}]},{"@type":"BreadcrumbList","@id":"https:\/\/www.molteni.com\/de\/1923-line\/#breadcrumb","itemListElement":[{"@type":"ListItem","position":1,"name":"Home","item":"https:\/\/www.molteni.com\/de\/"},{"@type":"ListItem","position":2,"name":"1923 Line"}]},{"@type":"WebSite","@id":"https:\/\/www.molteni.com\/#website","url":"https:\/\/www.molteni.com\/","name":"Molteni","description":"Luxury Professional Stoves","potentialAction":[{"@type":"SearchAction","target":{"@type":"EntryPoint","urlTemplate":"https:\/\/www.molteni.com\/?s={search_term_string}"},"query-input":{"@type":"PropertyValueSpecification","valueRequired":true,"valueName":"search_term_string"}}],"inLanguage":"de-DE"}]}},"_links":{"self":[{"href":"https:\/\/www.molteni.com\/de\/wp-json\/wp\/v2\/pages\/3135"}],"collection":[{"href":"https:\/\/www.molteni.com\/de\/wp-json\/wp\/v2\/pages"}],"about":[{"href":"https:\/\/www.molteni.com\/de\/wp-json\/wp\/v2\/types\/page"}],"author":[{"embeddable":true,"href":"https:\/\/www.molteni.com\/de\/wp-json\/wp\/v2\/users\/1"}],"replies":[{"embeddable":true,"href":"https:\/\/www.molteni.com\/de\/wp-json\/wp\/v2\/comments?post=3135"}],"version-history":[{"count":16,"href":"https:\/\/www.molteni.com\/de\/wp-json\/wp\/v2\/pages\/3135\/revisions"}],"predecessor-version":[{"id":23104,"href":"https:\/\/www.molteni.com\/de\/wp-json\/wp\/v2\/pages\/3135\/revisions\/23104"}],"wp:attachment":[{"href":"https:\/\/www.molteni.com\/de\/wp-json\/wp\/v2\/media?parent=3135"}],"curies":[{"name":"wp","href":"https:\/\/api.w.org\/{rel}","templated":true}]}}